{"id":20104,"date":"2016-05-24T13:40:17","date_gmt":"2016-05-24T19:40:17","guid":{"rendered":"http:\/\/launi.biz\/?page_id=20104&#038;lang=fr"},"modified":"2016-07-06T02:53:35","modified_gmt":"2016-07-06T08:53:35","slug":"service-de-taxi","status":"publish","type":"page","link":"https:\/\/www.petproscanada.com\/fr\/service-de-taxi\/","title":{"rendered":"Service de taxi"},"content":{"rendered":"<div class=\"wpb-content-wrapper\"><p>[vc_row full_width=\u00a0\u00bbstretch_row\u00a0\u00bb gap=\u00a0\u00bb0&Prime; full_height=\u00a0\u00bb\u00a0\u00bb columns_placement=\u00a0\u00bbmiddle\u00a0\u00bb equal_height=\u00a0\u00bb\u00a0\u00bb content_placement=\u00a0\u00bb\u00a0\u00bb video_bg=\u00a0\u00bb\u00a0\u00bb video_bg_url=\u00a0\u00bbhttps:\/\/www.youtube.com\/watch?v=lMJXxhRFO1k\u00a0\u00bb video_bg_parallax=\u00a0\u00bb\u00a0\u00bb parallax=\u00a0\u00bb\u00a0\u00bb parallax_image=\u00a0\u00bb\u00a0\u00bb parallax_speed_video=\u00a0\u00bb1.5&Prime; parallax_speed_bg=\u00a0\u00bb1.5&Prime; el_id=\u00a0\u00bb\u00a0\u00bb el_class=\u00a0\u00bb\u00a0\u00bb css=\u00a0\u00bb.vc_custom_1463917177028{margin-bottom: 30px !important;padding-top: 35px !important;padding-bottom: 35px !important;background-image: url(http:\/\/www.petproscanada.com\/wp-content\/uploads\/2016\/05\/pet-taxing-main-service-top-banner.jpg?id=19934) !important;background-position: center !important;background-repeat: no-repeat !important;background-size: cover !important;}\u00a0\u00bb container_wrap=\u00a0\u00bbyes\u00a0\u00bb][vc_column][vc_custom_heading text=\u00a0\u00bbServices Principaux\u00a0\u00bb font_container=\u00a0\u00bbtag:div|font_size:55|text_align:right|color:%230091ba\u00a0\u00bb google_fonts=\u00a0\u00bbfont_family:Raleway%3A100%2C200%2C300%2Cregular%2C500%2C600%2C700%2C800%2C900|font_style:300%20light%20regular%3A300%3Anormal\u00a0\u00bb][\/vc_column][\/vc_row][vc_row][vc_column][vc_custom_heading text=\u00a0\u00bbService de taxi\u00a0\u00bb font_container=\u00a0\u00bbtag:div|font_size:40|text_align:left|color:%23de0051&Prime; google_fonts=\u00a0\u00bbfont_family:Raleway%3A100%2C200%2C300%2Cregular%2C500%2C600%2C700%2C800%2C900|font_style:300%20light%20regular%3A300%3Anormal\u00a0\u00bb][vc_separator color=\u00a0\u00bbcustom\u00a0\u00bb accent_color=\u00a0\u00bb#cac9c9&Prime;][vc_column_text]<\/p>\n<div class=\"wpb_text_column wpb_content_element \">\n<div class=\"wpb_wrapper\">\n<p>Chez PetPros Canada, nous savons qu&rsquo;il est parfois difficile de transporter votre<img loading=\"lazy\" decoding=\"async\" class=\"alignright wp-image-19935\" src=\"http:\/\/www.petproscanada.com\/wp-content\/uploads\/2016\/05\/pet-taxing-main-service-right-300x300.png\" sizes=\"auto, (max-width: 235px) 100vw, 235px\" srcset=\"http:\/\/www.petproscanada.com\/wp-content\/uploads\/2016\/05\/pet-taxing-main-service-right-300x300.png 300x, http:\/\/www.petproscanada.com\/wp-content\/uploads\/2016\/05\/pet-taxing-main-service-right-150x150.png 150x, http:\/\/www.petproscanada.com\/wp-content\/uploads\/2016\/05\/pet-taxing-main-service-right.png 408x\" alt=\"pet-taxing-main-service-right\" width=\"235\" height=\"235\" \/> animal de compagnie l\u00e0 o\u00f9 il doit aller. Qu&rsquo;il doive aller chez le v\u00e9t\u00e9rinaire, au toilettage ou m\u00eame \u00e0 la gare de trains ou \u00e0 l&rsquo;a\u00e9roport, nous pouvons vous aider. Nous pouvons m\u00eame aider avec les douanes si vous devez l&rsquo;amener hors du pays ou le ramener au Canada. Notre service Pet-Taxi ira le chercher et veillera \u00e0 ce qu&rsquo;il atteigne sa destination en sant\u00e9 et en toute s\u00e9curit\u00e9<\/p>\n<\/div>\n<\/div>\n<p>[\/vc_column_text][vc_separator color=\u00a0\u00bbcustom\u00a0\u00bb accent_color=\u00a0\u00bb#cac9c9&Prime;][vc_single_image image=\u00a0\u00bb20154&Prime; img_size=\u00a0\u00bbfull\u00a0\u00bb alignment=\u00a0\u00bbcenter\u00a0\u00bb onclick=\u00a0\u00bbcustom_link\u00a0\u00bb link=\u00a0\u00bb\/fr\/contacts\/\u00a0\u00bb][\/vc_column][\/vc_row][vc_row full_width=\u00a0\u00bbstretch_row_content_no_spaces\u00a0\u00bb gap=\u00a0\u00bb0&Prime; full_height=\u00a0\u00bb\u00a0\u00bb columns_placement=\u00a0\u00bbmiddle\u00a0\u00bb equal_height=\u00a0\u00bb\u00a0\u00bb content_placement=\u00a0\u00bb\u00a0\u00bb video_bg=\u00a0\u00bb\u00a0\u00bb video_bg_url=\u00a0\u00bbhttps:\/\/www.youtube.com\/watch?v=lMJXxhRFO1k\u00a0\u00bb video_bg_parallax=\u00a0\u00bb\u00a0\u00bb parallax=\u00a0\u00bb\u00a0\u00bb parallax_image=\u00a0\u00bb\u00a0\u00bb parallax_speed_video=\u00a0\u00bb1.5&Prime; parallax_speed_bg=\u00a0\u00bb1.5&Prime; el_id=\u00a0\u00bb\u00a0\u00bb el_class=\u00a0\u00bb\u00a0\u00bb css=\u00a0\u00bb.vc_custom_1463822186806{margin-top: -80px !important;background-color: #fff6fb !important;}\u00a0\u00bb container_wrap=\u00a0\u00bb\u00a0\u00bb][vc_column][vc_single_image image=\u00a0\u00bb19795&Prime; img_size=\u00a0\u00bbfull\u00a0\u00bb alignment=\u00a0\u00bbcenter\u00a0\u00bb][\/vc_column][\/vc_row][vc_row full_width=\u00a0\u00bbstretch_row\u00a0\u00bb gap=\u00a0\u00bb0&Prime; full_height=\u00a0\u00bb\u00a0\u00bb columns_placement=\u00a0\u00bbmiddle\u00a0\u00bb equal_height=\u00a0\u00bb\u00a0\u00bb content_placement=\u00a0\u00bb\u00a0\u00bb video_bg=\u00a0\u00bb\u00a0\u00bb video_bg_url=\u00a0\u00bbhttps:\/\/www.youtube.com\/watch?v=lMJXxhRFO1k\u00a0\u00bb video_bg_parallax=\u00a0\u00bb\u00a0\u00bb parallax=\u00a0\u00bb\u00a0\u00bb parallax_image=\u00a0\u00bb\u00a0\u00bb parallax_speed_video=\u00a0\u00bb1.5&Prime; parallax_speed_bg=\u00a0\u00bb1.5&Prime; el_id=\u00a0\u00bb\u00a0\u00bb el_class=\u00a0\u00bb\u00a0\u00bb css=\u00a0\u00bb.vc_custom_1463802013252{background-color: #fff6fb !important;}\u00a0\u00bb container_wrap=\u00a0\u00bbyes\u00a0\u00bb][vc_column][laborator_testimonials testimonials_query=\u00a0\u00bbsize:All|order_by:date|order:DESC|post_type:,testimonial\u00a0\u00bb][\/vc_column][\/vc_row][vc_row full_width=\u00a0\u00bb\u00a0\u00bb gap=\u00a0\u00bb0&Prime; full_height=\u00a0\u00bb\u00a0\u00bb columns_placement=\u00a0\u00bbmiddle\u00a0\u00bb equal_height=\u00a0\u00bb\u00a0\u00bb content_placement=\u00a0\u00bb\u00a0\u00bb video_bg=\u00a0\u00bb\u00a0\u00bb video_bg_url=\u00a0\u00bbhttps:\/\/www.youtube.com\/watch?v=lMJXxhRFO1k\u00a0\u00bb video_bg_parallax=\u00a0\u00bb\u00a0\u00bb parallax=\u00a0\u00bb\u00a0\u00bb parallax_image=\u00a0\u00bb\u00a0\u00bb parallax_speed_video=\u00a0\u00bb1.5&Prime; parallax_speed_bg=\u00a0\u00bb1.5&Prime; el_id=\u00a0\u00bb\u00a0\u00bb el_class=\u00a0\u00bb\u00a0\u00bb css=\u00a0\u00bb.vc_custom_1463814267493{margin-top: 80px !important;}\u00a0\u00bb container_wrap=\u00a0\u00bb\u00a0\u00bb][vc_column][vc_custom_heading text=\u00a0\u00bbPetPros Canada a \u00e9t\u00e9 pr\u00e9sent\u00e9 a:\u00a0\u00bb font_container=\u00a0\u00bbtag:div|font_size:21px|text_align:center|color:%23565656&Prime; google_fonts=\u00a0\u00bbfont_family:Raleway%3A100%2C200%2C300%2Cregular%2C500%2C600%2C700%2C800%2C900|font_style:200%20light%20regular%3A200%3Anormal\u00a0\u00bb css=\u00a0\u00bb.vc_custom_1467795182393{margin-top: -35px !important;}\u00a0\u00bb][vc_single_image image=\u00a0\u00bb20350&Prime; img_size=\u00a0\u00bbfull\u00a0\u00bb alignment=\u00a0\u00bbcenter\u00a0\u00bb css=\u00a0\u00bb.vc_custom_1467795211018{margin-top: 30px !important;}\u00a0\u00bb][\/vc_column][\/vc_row]<\/p>\n<\/div>","protected":false},"excerpt":{"rendered":"<p>[vc_row full_width=\u00a0\u00bbstretch_row\u00a0\u00bb gap=\u00a0\u00bb0&Prime; full_height=\u00a0\u00bb\u00a0\u00bb columns_placement=\u00a0\u00bbmiddle\u00a0\u00bb equal_height=\u00a0\u00bb\u00a0\u00bb content_placement=\u00a0\u00bb\u00a0\u00bb video_bg=\u00a0\u00bb\u00a0\u00bb video_bg_url=\u00a0\u00bbhttps:\/\/www.youtube.com\/watch?v=lMJXxhRFO1k\u00a0\u00bb video_bg_parallax=\u00a0\u00bb\u00a0\u00bb parallax=\u00a0\u00bb\u00a0\u00bb parallax_image=\u00a0\u00bb\u00a0\u00bb parallax_speed_video=\u00a0\u00bb1.5&Prime; parallax_speed_bg=\u00a0\u00bb1.5&Prime; el_id=\u00a0\u00bb\u00a0\u00bb el_class=\u00a0\u00bb\u00a0\u00bb css=\u00a0\u00bb.vc_custom_1463917177028{margin-bottom: 30px !important;padding-top: 35px !important;padding-bottom: 35px !important;background-image: url(http:\/\/www.petproscanada.com\/wp-content\/uploads\/2016\/05\/pet-taxing-main-service-top-banner.jpg?id=19934) !important;background-position: center !important;background-repeat: no-repeat !important;background-size: cover !important;}\u00a0\u00bb container_wrap=\u00a0\u00bbyes\u00a0\u00bb][vc_column][vc_custom_heading text=\u00a0\u00bbServices Principaux\u00a0\u00bb font_container=\u00a0\u00bbtag:div|font_size:55|text_align:right|color:%230091ba\u00a0\u00bb google_fonts=\u00a0\u00bbfont_family:Raleway%3A100%2C200%2C300%2Cregular%2C500%2C600%2C700%2C800%2C900|font_style:300%20light%20regular%3A300%3Anormal\u00a0\u00bb][\/vc_column][\/vc_row][vc_row][vc_column][vc_custom_heading text=\u00a0\u00bbService de taxi\u00a0\u00bb font_container=\u00a0\u00bbtag:div|font_size:40|text_align:left|color:%23de0051&Prime; google_fonts=\u00a0\u00bbfont_family:Raleway%3A100%2C200%2C300%2Cregular%2C500%2C600%2C700%2C800%2C900|font_style:300%20light%20regular%3A300%3Anormal\u00a0\u00bb][vc_separator color=\u00a0\u00bbcustom\u00a0\u00bb accent_color=\u00a0\u00bb#cac9c9&Prime;][vc_column_text] Chez PetPros Canada, nous savons qu&rsquo;il est parfois difficile de transporter votre animal de compagnie l\u00e0 o\u00f9 il doit aller. Qu&rsquo;il doive aller chez le v\u00e9t\u00e9rinaire, au toilettage ou m\u00eame \u00e0 la&hellip;<\/p>\n","protected":false},"author":7,"featured_media":0,"parent":0,"menu_order":0,"comment_status":"closed","ping_status":"closed","template":"","meta":{"_acf_changed":false,"footnotes":""},"class_list":["post-20104","page","type-page","status-publish","hentry"],"acf":[],"yoast_head":"<title>Service de taxi | PetProsCanada<\/title>\n<meta name=\"robots\" content=\"index, follow, max-snippet:-1, max-image-preview:large, max-video-preview:-1\" \/>\n<link rel=\"canonical\" href=\"https:\/\/www.petproscanada.com\/service-de-taxi\/\" \/>\n<meta property=\"og:locale\" content=\"fr_FR\" \/>\n<meta property=\"og:type\" content=\"article\" \/>\n<meta property=\"og:title\" content=\"Service de taxi | PetProsCanada\" \/>\n<meta property=\"og:description\" content=\"[vc_row full_width=\u00a0\u00bbstretch_row\u00a0\u00bb gap=\u00a0\u00bb0&Prime; full_height=\u00a0\u00bb\u00a0\u00bb columns_placement=\u00a0\u00bbmiddle\u00a0\u00bb equal_height=\u00a0\u00bb\u00a0\u00bb content_placement=\u00a0\u00bb\u00a0\u00bb video_bg=\u00a0\u00bb\u00a0\u00bb video_bg_url=\u00a0\u00bbhttps:\/\/www.youtube.com\/watch?v=lMJXxhRFO1k\u00a0\u00bb video_bg_parallax=\u00a0\u00bb\u00a0\u00bb parallax=\u00a0\u00bb\u00a0\u00bb parallax_image=\u00a0\u00bb\u00a0\u00bb parallax_speed_video=\u00a0\u00bb1.5&Prime; parallax_speed_bg=\u00a0\u00bb1.5&Prime; el_id=\u00a0\u00bb\u00a0\u00bb el_class=\u00a0\u00bb\u00a0\u00bb css=\u00a0\u00bb.vc_custom_1463917177028{margin-bottom: 30px !important;padding-top: 35px !important;padding-bottom: 35px !important;background-image: url(http:\/\/www.petproscanada.com\/wp-content\/uploads\/2016\/05\/pet-taxing-main-service-top-banner.jpg?id=19934) !important;background-position: center !important;background-repeat: no-repeat !important;background-size: cover !important;}\u00a0\u00bb container_wrap=\u00a0\u00bbyes\u00a0\u00bb][vc_column][vc_custom_heading text=\u00a0\u00bbServices Principaux\u00a0\u00bb font_container=\u00a0\u00bbtag:div|font_size:55|text_align:right|color:%230091ba\u00a0\u00bb google_fonts=\u00a0\u00bbfont_family:Raleway%3A100%2C200%2C300%2Cregular%2C500%2C600%2C700%2C800%2C900|font_style:300%20light%20regular%3A300%3Anormal\u00a0\u00bb][\/vc_column][\/vc_row][vc_row][vc_column][vc_custom_heading text=\u00a0\u00bbService de taxi\u00a0\u00bb font_container=\u00a0\u00bbtag:div|font_size:40|text_align:left|color:%23de0051&Prime; google_fonts=\u00a0\u00bbfont_family:Raleway%3A100%2C200%2C300%2Cregular%2C500%2C600%2C700%2C800%2C900|font_style:300%20light%20regular%3A300%3Anormal\u00a0\u00bb][vc_separator color=\u00a0\u00bbcustom\u00a0\u00bb accent_color=\u00a0\u00bb#cac9c9&Prime;][vc_column_text] Chez PetPros Canada, nous savons qu&rsquo;il est parfois difficile de transporter votre animal de compagnie l\u00e0 o\u00f9 il doit aller. Qu&rsquo;il doive aller chez le v\u00e9t\u00e9rinaire, au toilettage ou m\u00eame \u00e0 la&hellip;\" \/>\n<meta property=\"og:url\" content=\"https:\/\/www.petproscanada.com\/service-de-taxi\/\" \/>\n<meta property=\"og:site_name\" content=\"PetProsCanada\" \/>\n<meta property=\"article:modified_time\" content=\"2016-07-06T08:53:35+00:00\" \/>\n<meta property=\"og:image\" content=\"http:\/\/www.petproscanada.com\/wp-content\/uploads\/2016\/05\/pet-taxing-main-service-right-300x300.png\" \/>\n<meta name=\"twitter:card\" content=\"summary_large_image\" \/>\n<meta name=\"twitter:label1\" content=\"Dur\u00e9e de lecture estim\u00e9e\" \/>\n\t<meta name=\"twitter:data1\" content=\"3 minutes\" \/>\n<script type=\"application\/ld+json\" class=\"yoast-schema-graph\">{\"@context\":\"https:\/\/schema.org\",\"@graph\":[{\"@type\":\"WebPage\",\"@id\":\"https:\/\/www.petproscanada.com\/service-de-taxi\/\",\"url\":\"https:\/\/www.petproscanada.com\/service-de-taxi\/\",\"name\":\"Service de taxi | PetProsCanada\",\"isPartOf\":{\"@id\":\"https:\/\/www.petproscanada.com\/#website\"},\"primaryImageOfPage\":{\"@id\":\"https:\/\/www.petproscanada.com\/service-de-taxi\/#primaryimage\"},\"image\":{\"@id\":\"https:\/\/www.petproscanada.com\/service-de-taxi\/#primaryimage\"},\"thumbnailUrl\":\"http:\/\/www.petproscanada.com\/wp-content\/uploads\/2016\/05\/pet-taxing-main-service-right-300x300.png\",\"datePublished\":\"2016-05-24T19:40:17+00:00\",\"dateModified\":\"2016-07-06T08:53:35+00:00\",\"breadcrumb\":{\"@id\":\"https:\/\/www.petproscanada.com\/service-de-taxi\/#breadcrumb\"},\"inLanguage\":\"fr-FR\",\"potentialAction\":[{\"@type\":\"ReadAction\",\"target\":[\"https:\/\/www.petproscanada.com\/service-de-taxi\/\"]}]},{\"@type\":\"ImageObject\",\"inLanguage\":\"fr-FR\",\"@id\":\"https:\/\/www.petproscanada.com\/service-de-taxi\/#primaryimage\",\"url\":\"http:\/\/www.petproscanada.com\/wp-content\/uploads\/2016\/05\/pet-taxing-main-service-right-300x300.png\",\"contentUrl\":\"http:\/\/www.petproscanada.com\/wp-content\/uploads\/2016\/05\/pet-taxing-main-service-right-300x300.png\"},{\"@type\":\"BreadcrumbList\",\"@id\":\"https:\/\/www.petproscanada.com\/service-de-taxi\/#breadcrumb\",\"itemListElement\":[{\"@type\":\"ListItem\",\"position\":1,\"name\":\"Home\",\"item\":\"https:\/\/www.petproscanada.com\/accueil\/\"},{\"@type\":\"ListItem\",\"position\":2,\"name\":\"Service de taxi\"}]},{\"@type\":\"WebSite\",\"@id\":\"https:\/\/www.petproscanada.com\/#website\",\"url\":\"https:\/\/www.petproscanada.com\/\",\"name\":\"PetProsCanada\",\"description\":\"Service \u00e9lite pour animaux de compagnie\",\"potentialAction\":[{\"@type\":\"SearchAction\",\"target\":{\"@type\":\"EntryPoint\",\"urlTemplate\":\"https:\/\/www.petproscanada.com\/?s={search_term_string}\"},\"query-input\":{\"@type\":\"PropertyValueSpecification\",\"valueRequired\":true,\"valueName\":\"search_term_string\"}}],\"inLanguage\":\"fr-FR\"}]}<\/script>","yoast_head_json":{"title":"Service de taxi | PetProsCanada","robots":{"index":"index","follow":"follow","max-snippet":"max-snippet:-1","max-image-preview":"max-image-preview:large","max-video-preview":"max-video-preview:-1"},"canonical":"https:\/\/www.petproscanada.com\/service-de-taxi\/","og_locale":"fr_FR","og_type":"article","og_title":"Service de taxi | PetProsCanada","og_description":"[vc_row full_width=\u00a0\u00bbstretch_row\u00a0\u00bb gap=\u00a0\u00bb0&Prime; full_height=\u00a0\u00bb\u00a0\u00bb columns_placement=\u00a0\u00bbmiddle\u00a0\u00bb equal_height=\u00a0\u00bb\u00a0\u00bb content_placement=\u00a0\u00bb\u00a0\u00bb video_bg=\u00a0\u00bb\u00a0\u00bb video_bg_url=\u00a0\u00bbhttps:\/\/www.youtube.com\/watch?v=lMJXxhRFO1k\u00a0\u00bb video_bg_parallax=\u00a0\u00bb\u00a0\u00bb parallax=\u00a0\u00bb\u00a0\u00bb parallax_image=\u00a0\u00bb\u00a0\u00bb parallax_speed_video=\u00a0\u00bb1.5&Prime; parallax_speed_bg=\u00a0\u00bb1.5&Prime; el_id=\u00a0\u00bb\u00a0\u00bb el_class=\u00a0\u00bb\u00a0\u00bb css=\u00a0\u00bb.vc_custom_1463917177028{margin-bottom: 30px !important;padding-top: 35px !important;padding-bottom: 35px !important;background-image: url(http:\/\/www.petproscanada.com\/wp-content\/uploads\/2016\/05\/pet-taxing-main-service-top-banner.jpg?id=19934) !important;background-position: center !important;background-repeat: no-repeat !important;background-size: cover !important;}\u00a0\u00bb container_wrap=\u00a0\u00bbyes\u00a0\u00bb][vc_column][vc_custom_heading text=\u00a0\u00bbServices Principaux\u00a0\u00bb font_container=\u00a0\u00bbtag:div|font_size:55|text_align:right|color:%230091ba\u00a0\u00bb google_fonts=\u00a0\u00bbfont_family:Raleway%3A100%2C200%2C300%2Cregular%2C500%2C600%2C700%2C800%2C900|font_style:300%20light%20regular%3A300%3Anormal\u00a0\u00bb][\/vc_column][\/vc_row][vc_row][vc_column][vc_custom_heading text=\u00a0\u00bbService de taxi\u00a0\u00bb font_container=\u00a0\u00bbtag:div|font_size:40|text_align:left|color:%23de0051&Prime; google_fonts=\u00a0\u00bbfont_family:Raleway%3A100%2C200%2C300%2Cregular%2C500%2C600%2C700%2C800%2C900|font_style:300%20light%20regular%3A300%3Anormal\u00a0\u00bb][vc_separator color=\u00a0\u00bbcustom\u00a0\u00bb accent_color=\u00a0\u00bb#cac9c9&Prime;][vc_column_text] Chez PetPros Canada, nous savons qu&rsquo;il est parfois difficile de transporter votre animal de compagnie l\u00e0 o\u00f9 il doit aller. Qu&rsquo;il doive aller chez le v\u00e9t\u00e9rinaire, au toilettage ou m\u00eame \u00e0 la&hellip;","og_url":"https:\/\/www.petproscanada.com\/service-de-taxi\/","og_site_name":"PetProsCanada","article_modified_time":"2016-07-06T08:53:35+00:00","og_image":[{"url":"http:\/\/www.petproscanada.com\/wp-content\/uploads\/2016\/05\/pet-taxing-main-service-right-300x300.png","type":"","width":"","height":""}],"twitter_card":"summary_large_image","twitter_misc":{"Dur\u00e9e de lecture estim\u00e9e":"3 minutes"},"schema":{"@context":"https:\/\/schema.org","@graph":[{"@type":"WebPage","@id":"https:\/\/www.petproscanada.com\/service-de-taxi\/","url":"https:\/\/www.petproscanada.com\/service-de-taxi\/","name":"Service de taxi | PetProsCanada","isPartOf":{"@id":"https:\/\/www.petproscanada.com\/#website"},"primaryImageOfPage":{"@id":"https:\/\/www.petproscanada.com\/service-de-taxi\/#primaryimage"},"image":{"@id":"https:\/\/www.petproscanada.com\/service-de-taxi\/#primaryimage"},"thumbnailUrl":"http:\/\/www.petproscanada.com\/wp-content\/uploads\/2016\/05\/pet-taxing-main-service-right-300x300.png","datePublished":"2016-05-24T19:40:17+00:00","dateModified":"2016-07-06T08:53:35+00:00","breadcrumb":{"@id":"https:\/\/www.petproscanada.com\/service-de-taxi\/#breadcrumb"},"inLanguage":"fr-FR","potentialAction":[{"@type":"ReadAction","target":["https:\/\/www.petproscanada.com\/service-de-taxi\/"]}]},{"@type":"ImageObject","inLanguage":"fr-FR","@id":"https:\/\/www.petproscanada.com\/service-de-taxi\/#primaryimage","url":"http:\/\/www.petproscanada.com\/wp-content\/uploads\/2016\/05\/pet-taxing-main-service-right-300x300.png","contentUrl":"http:\/\/www.petproscanada.com\/wp-content\/uploads\/2016\/05\/pet-taxing-main-service-right-300x300.png"},{"@type":"BreadcrumbList","@id":"https:\/\/www.petproscanada.com\/service-de-taxi\/#breadcrumb","itemListElement":[{"@type":"ListItem","position":1,"name":"Home","item":"https:\/\/www.petproscanada.com\/accueil\/"},{"@type":"ListItem","position":2,"name":"Service de taxi"}]},{"@type":"WebSite","@id":"https:\/\/www.petproscanada.com\/#website","url":"https:\/\/www.petproscanada.com\/","name":"PetProsCanada","description":"Service \u00e9lite pour animaux de compagnie","potentialAction":[{"@type":"SearchAction","target":{"@type":"EntryPoint","urlTemplate":"https:\/\/www.petproscanada.com\/?s={search_term_string}"},"query-input":{"@type":"PropertyValueSpecification","valueRequired":true,"valueName":"search_term_string"}}],"inLanguage":"fr-FR"}]}},"_links":{"self":[{"href":"https:\/\/www.petproscanada.com\/fr\/wp-json\/wp\/v2\/pages\/20104","targetHints":{"allow":["GET"]}}],"collection":[{"href":"https:\/\/www.petproscanada.com\/fr\/wp-json\/wp\/v2\/pages"}],"about":[{"href":"https:\/\/www.petproscanada.com\/fr\/wp-json\/wp\/v2\/types\/page"}],"author":[{"embeddable":true,"href":"https:\/\/www.petproscanada.com\/fr\/wp-json\/wp\/v2\/users\/7"}],"replies":[{"embeddable":true,"href":"https:\/\/www.petproscanada.com\/fr\/wp-json\/wp\/v2\/comments?post=20104"}],"version-history":[{"count":8,"href":"https:\/\/www.petproscanada.com\/fr\/wp-json\/wp\/v2\/pages\/20104\/revisions"}],"predecessor-version":[{"id":20366,"href":"https:\/\/www.petproscanada.com\/fr\/wp-json\/wp\/v2\/pages\/20104\/revisions\/20366"}],"wp:attachment":[{"href":"https:\/\/www.petproscanada.com\/fr\/wp-json\/wp\/v2\/media?parent=20104"}],"curies":[{"name":"wp","href":"https:\/\/api.w.org\/{rel}","templated":true}]}}