{"id":20091,"date":"2016-05-24T13:29:13","date_gmt":"2016-05-24T19:29:13","guid":{"rendered":"http:\/\/launi.biz\/?page_id=20091&#038;lang=fr"},"modified":"2016-07-06T02:43:40","modified_gmt":"2016-07-06T08:43:40","slug":"dog-walking","status":"publish","type":"page","link":"https:\/\/www.petproscanada.com\/fr\/dog-walking\/","title":{"rendered":"Promenades pour chiens"},"content":{"rendered":"<div class=\"wpb-content-wrapper\"><p>[vc_row full_width=\u00a0\u00bbstretch_row\u00a0\u00bb gap=\u00a0\u00bb0&Prime; full_height=\u00a0\u00bb\u00a0\u00bb columns_placement=\u00a0\u00bbmiddle\u00a0\u00bb equal_height=\u00a0\u00bb\u00a0\u00bb content_placement=\u00a0\u00bb\u00a0\u00bb video_bg=\u00a0\u00bb\u00a0\u00bb video_bg_url=\u00a0\u00bbhttps:\/\/www.youtube.com\/watch?v=lMJXxhRFO1k\u00a0\u00bb video_bg_parallax=\u00a0\u00bb\u00a0\u00bb parallax=\u00a0\u00bb\u00a0\u00bb parallax_image=\u00a0\u00bb\u00a0\u00bb parallax_speed_video=\u00a0\u00bb1.5&Prime; parallax_speed_bg=\u00a0\u00bb1.5&Prime; el_id=\u00a0\u00bb\u00a0\u00bb el_class=\u00a0\u00bb\u00a0\u00bb css=\u00a0\u00bb.vc_custom_1463915943258{margin-bottom: 30px !important;padding-top: 35px !important;padding-bottom: 35px !important;background-image: url(http:\/\/www.petproscanada.com\/wp-content\/uploads\/2016\/05\/main-servies-pt-walking-top-banner.jpg?id=19917) !important;background-position: center !important;background-repeat: no-repeat !important;background-size: cover !important;}\u00a0\u00bb container_wrap=\u00a0\u00bbyes\u00a0\u00bb][vc_column][vc_custom_heading text=\u00a0\u00bbServices Principaux\u00a0\u00bb font_container=\u00a0\u00bbtag:div|font_size:55|text_align:right|color:%230091ba\u00a0\u00bb google_fonts=\u00a0\u00bbfont_family:Raleway%3A100%2C200%2C300%2Cregular%2C500%2C600%2C700%2C800%2C900|font_style:300%20light%20regular%3A300%3Anormal\u00a0\u00bb][\/vc_column][\/vc_row][vc_row][vc_column][vc_custom_heading text=\u00a0\u00bbPromenades pour chiens\u00a0\u00bb font_container=\u00a0\u00bbtag:div|font_size:40|text_align:left|color:%23de0051&Prime; google_fonts=\u00a0\u00bbfont_family:Raleway%3A100%2C200%2C300%2Cregular%2C500%2C600%2C700%2C800%2C900|font_style:300%20light%20regular%3A300%3Anormal\u00a0\u00bb][vc_separator color=\u00a0\u00bbcustom\u00a0\u00bb accent_color=\u00a0\u00bb#cac9c9&Prime;][vc_column_text]Veiller \u00e0 ce que votre chien ait suffisamment d&rsquo;exercice est primordial. <img loading=\"lazy\" decoding=\"async\" class=\"alignright wp-image-19913\" src=\"http:\/\/www.petproscanada.com\/wp-content\/uploads\/2016\/05\/pet-walking-service-image-300x300.png\" sizes=\"auto, (max-width: 261px) 100vw, 261px\" srcset=\"http:\/\/www.petproscanada.com\/wp-content\/uploads\/2016\/05\/pet-walking-service-image-300x300.png 300x, http:\/\/www.petproscanada.com\/wp-content\/uploads\/2016\/05\/pet-walking-service-image-150x150.png 150x, http:\/\/www.petproscanada.com\/wp-content\/uploads\/2016\/05\/pet-walking-service-image.png 408x\" alt=\"pet-walking-service-image\" width=\"261\" height=\"261\" \/>C&rsquo;est l\u00e0 que nous entrons en sc\u00e8ne! D\u00e9pendamment de la m\u00e9t\u00e9o, nos promeneurs professionnels feront faire des marches de 45 minutes \u00e0 une heure \u00e0 vos chiens. Nous promenons jusqu&rsquo;\u00e0 quatre chiens \u00e0 la fois. C&rsquo;est aussi une excellente fa\u00e7on de permettre \u00e0 votre chien de socialiser avec d&rsquo;autres chiens. Pendant les promenades et tout particuli\u00e8rement dans les parcs pour chiens, nous le survellons de pr\u00e8s et nous veillons \u00e0 ce qu&rsquo;il s&rsquo;amuse sainement et de fa\u00e7on s\u00e9curitaire.[\/vc_column_text][vc_separator color=\u00a0\u00bbcustom\u00a0\u00bb accent_color=\u00a0\u00bb#cac9c9&Prime;][vc_single_image image=\u00a0\u00bb20154&Prime; img_size=\u00a0\u00bbfull\u00a0\u00bb alignment=\u00a0\u00bbcenter\u00a0\u00bb onclick=\u00a0\u00bbcustom_link\u00a0\u00bb link=\u00a0\u00bb\/fr\/contacts\/\u00a0\u00bb][\/vc_column][\/vc_row][vc_row full_width=\u00a0\u00bbstretch_row_content_no_spaces\u00a0\u00bb gap=\u00a0\u00bb0&Prime; full_height=\u00a0\u00bb\u00a0\u00bb columns_placement=\u00a0\u00bbmiddle\u00a0\u00bb equal_height=\u00a0\u00bb\u00a0\u00bb content_placement=\u00a0\u00bb\u00a0\u00bb video_bg=\u00a0\u00bb\u00a0\u00bb video_bg_url=\u00a0\u00bbhttps:\/\/www.youtube.com\/watch?v=lMJXxhRFO1k\u00a0\u00bb video_bg_parallax=\u00a0\u00bb\u00a0\u00bb parallax=\u00a0\u00bb\u00a0\u00bb parallax_image=\u00a0\u00bb\u00a0\u00bb parallax_speed_video=\u00a0\u00bb1.5&Prime; parallax_speed_bg=\u00a0\u00bb1.5&Prime; el_id=\u00a0\u00bb\u00a0\u00bb el_class=\u00a0\u00bb\u00a0\u00bb css=\u00a0\u00bb.vc_custom_1463822186806{margin-top: -80px !important;background-color: #fff6fb !important;}\u00a0\u00bb container_wrap=\u00a0\u00bb\u00a0\u00bb][vc_column][vc_single_image image=\u00a0\u00bb19795&Prime; img_size=\u00a0\u00bbfull\u00a0\u00bb alignment=\u00a0\u00bbcenter\u00a0\u00bb][\/vc_column][\/vc_row][vc_row full_width=\u00a0\u00bbstretch_row\u00a0\u00bb gap=\u00a0\u00bb0&Prime; full_height=\u00a0\u00bb\u00a0\u00bb columns_placement=\u00a0\u00bbmiddle\u00a0\u00bb equal_height=\u00a0\u00bb\u00a0\u00bb content_placement=\u00a0\u00bb\u00a0\u00bb video_bg=\u00a0\u00bb\u00a0\u00bb video_bg_url=\u00a0\u00bbhttps:\/\/www.youtube.com\/watch?v=lMJXxhRFO1k\u00a0\u00bb video_bg_parallax=\u00a0\u00bb\u00a0\u00bb parallax=\u00a0\u00bb\u00a0\u00bb parallax_image=\u00a0\u00bb\u00a0\u00bb parallax_speed_video=\u00a0\u00bb1.5&Prime; parallax_speed_bg=\u00a0\u00bb1.5&Prime; el_id=\u00a0\u00bb\u00a0\u00bb el_class=\u00a0\u00bb\u00a0\u00bb css=\u00a0\u00bb.vc_custom_1463802013252{background-color: #fff6fb !important;}\u00a0\u00bb container_wrap=\u00a0\u00bbyes\u00a0\u00bb][vc_column][laborator_testimonials testimonials_query=\u00a0\u00bbsize:All|order_by:date|order:DESC|post_type:,testimonial\u00a0\u00bb][\/vc_column][\/vc_row][vc_row full_width=\u00a0\u00bb\u00a0\u00bb gap=\u00a0\u00bb0&Prime; full_height=\u00a0\u00bb\u00a0\u00bb columns_placement=\u00a0\u00bbmiddle\u00a0\u00bb equal_height=\u00a0\u00bb\u00a0\u00bb content_placement=\u00a0\u00bb\u00a0\u00bb video_bg=\u00a0\u00bb\u00a0\u00bb video_bg_url=\u00a0\u00bbhttps:\/\/www.youtube.com\/watch?v=lMJXxhRFO1k\u00a0\u00bb video_bg_parallax=\u00a0\u00bb\u00a0\u00bb parallax=\u00a0\u00bb\u00a0\u00bb parallax_image=\u00a0\u00bb\u00a0\u00bb parallax_speed_video=\u00a0\u00bb1.5&Prime; parallax_speed_bg=\u00a0\u00bb1.5&Prime; el_id=\u00a0\u00bb\u00a0\u00bb el_class=\u00a0\u00bb\u00a0\u00bb css=\u00a0\u00bb.vc_custom_1463814267493{margin-top: 80px !important;}\u00a0\u00bb container_wrap=\u00a0\u00bb\u00a0\u00bb][vc_column][vc_custom_heading text=\u00a0\u00bbPetPros Canada a \u00e9t\u00e9 pr\u00e9sent\u00e9 a:\u00a0\u00bb font_container=\u00a0\u00bbtag:div|font_size:21px|text_align:center|color:%23565656&Prime; google_fonts=\u00a0\u00bbfont_family:Raleway%3A100%2C200%2C300%2Cregular%2C500%2C600%2C700%2C800%2C900|font_style:200%20light%20regular%3A200%3Anormal\u00a0\u00bb css=\u00a0\u00bb.vc_custom_1467794585794{margin-top: -35px !important;}\u00a0\u00bb][vc_single_image image=\u00a0\u00bb20350&Prime; img_size=\u00a0\u00bbfull\u00a0\u00bb alignment=\u00a0\u00bbcenter\u00a0\u00bb css=\u00a0\u00bb.vc_custom_1467794616751{margin-top: 30px !important;}\u00a0\u00bb][\/vc_column][\/vc_row]<\/p>\n<\/div>","protected":false},"excerpt":{"rendered":"<p>[vc_row full_width=\u00a0\u00bbstretch_row\u00a0\u00bb gap=\u00a0\u00bb0&Prime; full_height=\u00a0\u00bb\u00a0\u00bb columns_placement=\u00a0\u00bbmiddle\u00a0\u00bb equal_height=\u00a0\u00bb\u00a0\u00bb content_placement=\u00a0\u00bb\u00a0\u00bb video_bg=\u00a0\u00bb\u00a0\u00bb video_bg_url=\u00a0\u00bbhttps:\/\/www.youtube.com\/watch?v=lMJXxhRFO1k\u00a0\u00bb video_bg_parallax=\u00a0\u00bb\u00a0\u00bb parallax=\u00a0\u00bb\u00a0\u00bb parallax_image=\u00a0\u00bb\u00a0\u00bb parallax_speed_video=\u00a0\u00bb1.5&Prime; parallax_speed_bg=\u00a0\u00bb1.5&Prime; el_id=\u00a0\u00bb\u00a0\u00bb el_class=\u00a0\u00bb\u00a0\u00bb css=\u00a0\u00bb.vc_custom_1463915943258{margin-bottom: 30px !important;padding-top: 35px !important;padding-bottom: 35px !important;background-image: url(http:\/\/www.petproscanada.com\/wp-content\/uploads\/2016\/05\/main-servies-pt-walking-top-banner.jpg?id=19917) !important;background-position: center !important;background-repeat: no-repeat !important;background-size: cover !important;}\u00a0\u00bb container_wrap=\u00a0\u00bbyes\u00a0\u00bb][vc_column][vc_custom_heading text=\u00a0\u00bbServices Principaux\u00a0\u00bb font_container=\u00a0\u00bbtag:div|font_size:55|text_align:right|color:%230091ba\u00a0\u00bb google_fonts=\u00a0\u00bbfont_family:Raleway%3A100%2C200%2C300%2Cregular%2C500%2C600%2C700%2C800%2C900|font_style:300%20light%20regular%3A300%3Anormal\u00a0\u00bb][\/vc_column][\/vc_row][vc_row][vc_column][vc_custom_heading text=\u00a0\u00bbPromenades pour chiens\u00a0\u00bb font_container=\u00a0\u00bbtag:div|font_size:40|text_align:left|color:%23de0051&Prime; google_fonts=\u00a0\u00bbfont_family:Raleway%3A100%2C200%2C300%2Cregular%2C500%2C600%2C700%2C800%2C900|font_style:300%20light%20regular%3A300%3Anormal\u00a0\u00bb][vc_separator color=\u00a0\u00bbcustom\u00a0\u00bb accent_color=\u00a0\u00bb#cac9c9&Prime;][vc_column_text]Veiller \u00e0 ce que votre chien ait suffisamment d&rsquo;exercice est primordial. C&rsquo;est l\u00e0 que nous entrons en sc\u00e8ne! D\u00e9pendamment de la m\u00e9t\u00e9o, nos promeneurs professionnels feront faire des marches de 45 minutes \u00e0&hellip;<\/p>\n","protected":false},"author":7,"featured_media":0,"parent":0,"menu_order":0,"comment_status":"closed","ping_status":"closed","template":"","meta":{"_acf_changed":false,"footnotes":""},"class_list":["post-20091","page","type-page","status-publish","hentry"],"acf":[],"yoast_head":"<title>Promenades pour chiens | PetProsCanada<\/title>\n<meta name=\"description\" content=\"Vos animaux sont acceuillis chez nous comme s&#039;ils \u00e9taient chez vous! Pension pour chien et tous autres animaux de compagnies : Vos chiens ou animaux sont ac\" \/>\n<meta name=\"robots\" content=\"index, follow, max-snippet:-1, max-image-preview:large, max-video-preview:-1\" \/>\n<link rel=\"canonical\" href=\"https:\/\/www.petproscanada.com\/dog-walking\/\" \/>\n<meta property=\"og:locale\" content=\"fr_FR\" \/>\n<meta property=\"og:type\" content=\"article\" \/>\n<meta property=\"og:title\" content=\"Promenades pour chiens | PetProsCanada\" \/>\n<meta property=\"og:description\" content=\"Vos animaux sont acceuillis chez nous comme s&#039;ils \u00e9taient chez vous! Pension pour chien et tous autres animaux de compagnies : Vos chiens ou animaux sont ac\" \/>\n<meta property=\"og:url\" content=\"https:\/\/www.petproscanada.com\/dog-walking\/\" \/>\n<meta property=\"og:site_name\" content=\"PetProsCanada\" \/>\n<meta property=\"article:modified_time\" content=\"2016-07-06T08:43:40+00:00\" \/>\n<meta property=\"og:image\" content=\"http:\/\/www.petproscanada.com\/wp-content\/uploads\/2016\/05\/pet-walking-service-image-300x300.png\" \/>\n<meta name=\"twitter:card\" content=\"summary_large_image\" \/>\n<meta name=\"twitter:label1\" content=\"Dur\u00e9e de lecture estim\u00e9e\" \/>\n\t<meta name=\"twitter:data1\" content=\"3 minutes\" \/>\n<script type=\"application\/ld+json\" class=\"yoast-schema-graph\">{\"@context\":\"https:\/\/schema.org\",\"@graph\":[{\"@type\":\"WebPage\",\"@id\":\"https:\/\/www.petproscanada.com\/dog-walking\/\",\"url\":\"https:\/\/www.petproscanada.com\/dog-walking\/\",\"name\":\"Promenades pour chiens | PetProsCanada\",\"isPartOf\":{\"@id\":\"https:\/\/www.petproscanada.com\/#website\"},\"primaryImageOfPage\":{\"@id\":\"https:\/\/www.petproscanada.com\/dog-walking\/#primaryimage\"},\"image\":{\"@id\":\"https:\/\/www.petproscanada.com\/dog-walking\/#primaryimage\"},\"thumbnailUrl\":\"http:\/\/www.petproscanada.com\/wp-content\/uploads\/2016\/05\/pet-walking-service-image-300x300.png\",\"datePublished\":\"2016-05-24T19:29:13+00:00\",\"dateModified\":\"2016-07-06T08:43:40+00:00\",\"description\":\"Vos animaux sont acceuillis chez nous comme s'ils \u00e9taient chez vous! Pension pour chien et tous autres animaux de compagnies : Vos chiens ou animaux sont ac\",\"breadcrumb\":{\"@id\":\"https:\/\/www.petproscanada.com\/dog-walking\/#breadcrumb\"},\"inLanguage\":\"fr-FR\",\"potentialAction\":[{\"@type\":\"ReadAction\",\"target\":[\"https:\/\/www.petproscanada.com\/dog-walking\/\"]}]},{\"@type\":\"ImageObject\",\"inLanguage\":\"fr-FR\",\"@id\":\"https:\/\/www.petproscanada.com\/dog-walking\/#primaryimage\",\"url\":\"http:\/\/www.petproscanada.com\/wp-content\/uploads\/2016\/05\/pet-walking-service-image-300x300.png\",\"contentUrl\":\"http:\/\/www.petproscanada.com\/wp-content\/uploads\/2016\/05\/pet-walking-service-image-300x300.png\"},{\"@type\":\"BreadcrumbList\",\"@id\":\"https:\/\/www.petproscanada.com\/dog-walking\/#breadcrumb\",\"itemListElement\":[{\"@type\":\"ListItem\",\"position\":1,\"name\":\"Home\",\"item\":\"https:\/\/www.petproscanada.com\/accueil\/\"},{\"@type\":\"ListItem\",\"position\":2,\"name\":\"Promenades pour chiens\"}]},{\"@type\":\"WebSite\",\"@id\":\"https:\/\/www.petproscanada.com\/#website\",\"url\":\"https:\/\/www.petproscanada.com\/\",\"name\":\"PetProsCanada\",\"description\":\"Service \u00e9lite pour animaux de compagnie\",\"potentialAction\":[{\"@type\":\"SearchAction\",\"target\":{\"@type\":\"EntryPoint\",\"urlTemplate\":\"https:\/\/www.petproscanada.com\/?s={search_term_string}\"},\"query-input\":{\"@type\":\"PropertyValueSpecification\",\"valueRequired\":true,\"valueName\":\"search_term_string\"}}],\"inLanguage\":\"fr-FR\"}]}<\/script>","yoast_head_json":{"title":"Promenades pour chiens | PetProsCanada","description":"Vos animaux sont acceuillis chez nous comme s'ils \u00e9taient chez vous! Pension pour chien et tous autres animaux de compagnies : Vos chiens ou animaux sont ac","robots":{"index":"index","follow":"follow","max-snippet":"max-snippet:-1","max-image-preview":"max-image-preview:large","max-video-preview":"max-video-preview:-1"},"canonical":"https:\/\/www.petproscanada.com\/dog-walking\/","og_locale":"fr_FR","og_type":"article","og_title":"Promenades pour chiens | PetProsCanada","og_description":"Vos animaux sont acceuillis chez nous comme s'ils \u00e9taient chez vous! Pension pour chien et tous autres animaux de compagnies : Vos chiens ou animaux sont ac","og_url":"https:\/\/www.petproscanada.com\/dog-walking\/","og_site_name":"PetProsCanada","article_modified_time":"2016-07-06T08:43:40+00:00","og_image":[{"url":"http:\/\/www.petproscanada.com\/wp-content\/uploads\/2016\/05\/pet-walking-service-image-300x300.png","type":"","width":"","height":""}],"twitter_card":"summary_large_image","twitter_misc":{"Dur\u00e9e de lecture estim\u00e9e":"3 minutes"},"schema":{"@context":"https:\/\/schema.org","@graph":[{"@type":"WebPage","@id":"https:\/\/www.petproscanada.com\/dog-walking\/","url":"https:\/\/www.petproscanada.com\/dog-walking\/","name":"Promenades pour chiens | PetProsCanada","isPartOf":{"@id":"https:\/\/www.petproscanada.com\/#website"},"primaryImageOfPage":{"@id":"https:\/\/www.petproscanada.com\/dog-walking\/#primaryimage"},"image":{"@id":"https:\/\/www.petproscanada.com\/dog-walking\/#primaryimage"},"thumbnailUrl":"http:\/\/www.petproscanada.com\/wp-content\/uploads\/2016\/05\/pet-walking-service-image-300x300.png","datePublished":"2016-05-24T19:29:13+00:00","dateModified":"2016-07-06T08:43:40+00:00","description":"Vos animaux sont acceuillis chez nous comme s'ils \u00e9taient chez vous! Pension pour chien et tous autres animaux de compagnies : Vos chiens ou animaux sont ac","breadcrumb":{"@id":"https:\/\/www.petproscanada.com\/dog-walking\/#breadcrumb"},"inLanguage":"fr-FR","potentialAction":[{"@type":"ReadAction","target":["https:\/\/www.petproscanada.com\/dog-walking\/"]}]},{"@type":"ImageObject","inLanguage":"fr-FR","@id":"https:\/\/www.petproscanada.com\/dog-walking\/#primaryimage","url":"http:\/\/www.petproscanada.com\/wp-content\/uploads\/2016\/05\/pet-walking-service-image-300x300.png","contentUrl":"http:\/\/www.petproscanada.com\/wp-content\/uploads\/2016\/05\/pet-walking-service-image-300x300.png"},{"@type":"BreadcrumbList","@id":"https:\/\/www.petproscanada.com\/dog-walking\/#breadcrumb","itemListElement":[{"@type":"ListItem","position":1,"name":"Home","item":"https:\/\/www.petproscanada.com\/accueil\/"},{"@type":"ListItem","position":2,"name":"Promenades pour chiens"}]},{"@type":"WebSite","@id":"https:\/\/www.petproscanada.com\/#website","url":"https:\/\/www.petproscanada.com\/","name":"PetProsCanada","description":"Service \u00e9lite pour animaux de compagnie","potentialAction":[{"@type":"SearchAction","target":{"@type":"EntryPoint","urlTemplate":"https:\/\/www.petproscanada.com\/?s={search_term_string}"},"query-input":{"@type":"PropertyValueSpecification","valueRequired":true,"valueName":"search_term_string"}}],"inLanguage":"fr-FR"}]}},"_links":{"self":[{"href":"https:\/\/www.petproscanada.com\/fr\/wp-json\/wp\/v2\/pages\/20091","targetHints":{"allow":["GET"]}}],"collection":[{"href":"https:\/\/www.petproscanada.com\/fr\/wp-json\/wp\/v2\/pages"}],"about":[{"href":"https:\/\/www.petproscanada.com\/fr\/wp-json\/wp\/v2\/types\/page"}],"author":[{"embeddable":true,"href":"https:\/\/www.petproscanada.com\/fr\/wp-json\/wp\/v2\/users\/7"}],"replies":[{"embeddable":true,"href":"https:\/\/www.petproscanada.com\/fr\/wp-json\/wp\/v2\/comments?post=20091"}],"version-history":[{"count":11,"href":"https:\/\/www.petproscanada.com\/fr\/wp-json\/wp\/v2\/pages\/20091\/revisions"}],"predecessor-version":[{"id":20359,"href":"https:\/\/www.petproscanada.com\/fr\/wp-json\/wp\/v2\/pages\/20091\/revisions\/20359"}],"wp:attachment":[{"href":"https:\/\/www.petproscanada.com\/fr\/wp-json\/wp\/v2\/media?parent=20091"}],"curies":[{"name":"wp","href":"https:\/\/api.w.org\/{rel}","templated":true}]}}