{"id":20019,"date":"2016-05-24T06:31:37","date_gmt":"2016-05-24T12:31:37","guid":{"rendered":"http:\/\/launi.biz\/?page_id=20019&#038;lang=fr"},"modified":"2023-05-18T09:04:52","modified_gmt":"2023-05-18T15:04:52","slug":"nos-services","status":"publish","type":"page","link":"https:\/\/www.petproscanada.com\/fr\/nos-services\/","title":{"rendered":"Nos Services"},"content":{"rendered":"<div class=\"wpb-content-wrapper\"><p>[vc_row full_width=\u00a0\u00bbstretch_row\u00a0\u00bb gap=\u00a0\u00bb0&Prime; full_height=\u00a0\u00bbyes\u00a0\u00bb columns_placement=\u00a0\u00bbmiddle\u00a0\u00bb equal_height=\u00a0\u00bb\u00a0\u00bb content_placement=\u00a0\u00bb\u00a0\u00bb video_bg=\u00a0\u00bb\u00a0\u00bb video_bg_url=\u00a0\u00bbhttps:\/\/www.youtube.com\/watch?v=lMJXxhRFO1k\u00a0\u00bb video_bg_parallax=\u00a0\u00bb\u00a0\u00bb parallax=\u00a0\u00bb\u00a0\u00bb parallax_image=\u00a0\u00bb\u00a0\u00bb parallax_speed_video=\u00a0\u00bb1.5&Prime; parallax_speed_bg=\u00a0\u00bb1.5&Prime; el_id=\u00a0\u00bb\u00a0\u00bb el_class=\u00a0\u00bb\u00a0\u00bb css=\u00a0\u00bb.vc_custom_1463901434237{padding-top: 35px !important;padding-bottom: 35px !important;background-image: url(http:\/\/www.petproscanada.com\/wp-content\/uploads\/2016\/05\/our-service-topbanner.jpg?id=19884) !important;background-position: center !important;background-repeat: no-repeat !important;background-size: cover !important;}\u00a0\u00bb container_wrap=\u00a0\u00bbyes\u00a0\u00bb][vc_column][vc_custom_heading text=\u00a0\u00bbNos Services\u00a0\u00bb font_container=\u00a0\u00bbtag:div|font_size:55|text_align:right|color:%230091ba\u00a0\u00bb google_fonts=\u00a0\u00bbfont_family:Raleway%3A100%2C200%2C300%2Cregular%2C500%2C600%2C700%2C800%2C900|font_style:200%20light%20regular%3A200%3Anormal\u00a0\u00bb][\/vc_column][\/vc_row][vc_row full_width=\u00a0\u00bb\u00a0\u00bb gap=\u00a0\u00bb0&Prime; full_height=\u00a0\u00bb\u00a0\u00bb columns_placement=\u00a0\u00bbmiddle\u00a0\u00bb equal_height=\u00a0\u00bb\u00a0\u00bb content_placement=\u00a0\u00bb\u00a0\u00bb video_bg=\u00a0\u00bb\u00a0\u00bb video_bg_url=\u00a0\u00bbhttps:\/\/www.youtube.com\/watch?v=lMJXxhRFO1k\u00a0\u00bb video_bg_parallax=\u00a0\u00bb\u00a0\u00bb parallax=\u00a0\u00bb\u00a0\u00bb parallax_image=\u00a0\u00bb\u00a0\u00bb parallax_speed_video=\u00a0\u00bb1.5&Prime; parallax_speed_bg=\u00a0\u00bb1.5&Prime; el_id=\u00a0\u00bb\u00a0\u00bb el_class=\u00a0\u00bb\u00a0\u00bb css=\u00a0\u00bb.vc_custom_1463904640297{margin-top: 100px !important;margin-bottom: 60px !important;}\u00a0\u00bb container_wrap=\u00a0\u00bb\u00a0\u00bb][vc_column][vc_custom_heading text=\u00a0\u00bbTarifs comp\u00e9titifs et service attentionn\u00e9\u00a0\u00bb font_container=\u00a0\u00bbtag:div|font_size:40|text_align:center|color:%230091ba\u00a0\u00bb google_fonts=\u00a0\u00bbfont_family:Raleway%3A100%2C200%2C300%2Cregular%2C500%2C600%2C700%2C800%2C900|font_style:300%20light%20regular%3A300%3Anormal\u00a0\u00bb][\/vc_column][\/vc_row][vc_row full_width=\u00a0\u00bb\u00a0\u00bb gap=\u00a0\u00bb0&Prime; full_height=\u00a0\u00bb\u00a0\u00bb columns_placement=\u00a0\u00bbmiddle\u00a0\u00bb equal_height=\u00a0\u00bb\u00a0\u00bb content_placement=\u00a0\u00bb\u00a0\u00bb video_bg=\u00a0\u00bb\u00a0\u00bb video_bg_url=\u00a0\u00bbhttps:\/\/www.youtube.com\/watch?v=lMJXxhRFO1k\u00a0\u00bb video_bg_parallax=\u00a0\u00bb\u00a0\u00bb parallax=\u00a0\u00bb\u00a0\u00bb parallax_image=\u00a0\u00bb\u00a0\u00bb parallax_speed_video=\u00a0\u00bb1.5&Prime; parallax_speed_bg=\u00a0\u00bb1.5&Prime; el_id=\u00a0\u00bb\u00a0\u00bb el_class=\u00a0\u00bb\u00a0\u00bb css=\u00a0\u00bb\u00a0\u00bb container_wrap=\u00a0\u00bbyes\u00a0\u00bb][vc_column width=\u00a0\u00bb1\/2&Prime;][vc_toggle title=\u00a0\u00bbMARCHES POUR CHIENS\u00a0\u00bb color=\u00a0\u00bbblack\u00a0\u00bb el_id=\u00a0\u00bb1463822371134-e407a2d2-5aa2&Prime; el_class=\u00a0\u00bbabout-faq\u00a0\u00bb]Une marche de 45 minutes \u00e0 1 heure, si le temps le permet.<br \/>\n<a title=\"Contactez-nous\" href=\"https:\/\/www.petproscanada.com\/fr\/contacts\/\">Contactez-nous<\/a>\u00a0pour obtenir plus d\u2019informations.[\/vc_toggle][vc_toggle title=\u00a0\u00bbPENSION\u00a0\u00bb color=\u00a0\u00bbblack\u00a0\u00bb el_id=\u00a0\u00bb1463823231620-5a48e16a-e45b\u00a0\u00bb el_class=\u00a0\u00bbabout-faq\u00a0\u00bb]Vos chiens sont acceuillis dans notre maison de campagne juste \u00e0 la sortie de Montr\u00e9al.<br \/>\nIls ne sont pas en cage mais sont libres de se promener dans la maison et le grand jardin. Notre pension pour chien est la meilleure car vos animaux peuvent courrir librement en plein air.<br \/>\nLa pension pour chien commence lorsque vous d\u00e9posez votre compagnon et se termine \u00e0 midi le jour de son d\u00e9part.<br \/>\nNotez que notre pension est aussi disponible pour chats et autres animaux de compagnie.<br \/>\n<a title=\"Contactez-nous\" href=\"https:\/\/www.petproscanada.com\/fr\/contacts\/\">Contactez-nous<\/a>\u00a0pour obtenir plus d\u2019informations.[\/vc_toggle][vc_toggle title=\u00a0\u00bbGARDIENNAGE\u00a0\u00bb color=\u00a0\u00bbblack\u00a0\u00bb el_id=\u00a0\u00bb1463893018236-a1e05b6f-ad1e\u00a0\u00bb el_class=\u00a0\u00bbabout-faq\u00a0\u00bb]Vous partez en voyage sans vos animaux?<br \/>\nL\u2019\u00e9quipe PetPros vous propose des gardiens fiables et assur\u00e9s aux quels le bien \u00eatre de votre meilleur ami est une priorit\u00e9.<br \/>\n<a title=\"Contactez-nous\" href=\"https:\/\/www.petproscanada.com\/fr\/contacts\/\">Contactez-nous<\/a>\u00a0pour obtenir plus d\u2019informations.[\/vc_toggle][vc_toggle title=\u00a0\u00bbVISITES AUX CHIOTS\u00a0\u00bb color=\u00a0\u00bbblack\u00a0\u00bb el_id=\u00a0\u00bb1463893074236-13c3d05a-6858&Prime; el_class=\u00a0\u00bbabout-faq\u00a0\u00bb]Les premier mois dans la vie d\u2019un chiot sont pr\u00e9cieux\u2026 et occup\u00e9s.<br \/>\nVotre nouveau chiot a besoin de la routine et demande beaucoup d\u2019attention.<br \/>\nPetPros est l\u00e0 pour vous aider quand vous n\u2019avez pas assez de temps \u00e0 tout faire. <a title=\"Contactez-nous\" href=\"https:\/\/www.petproscanada.com\/fr\/contacts\/\">Contactez-nous<\/a>\u00a0pour obtenir plus d\u2019informations.[\/vc_toggle][vc_toggle title=\u00a0\u00bbVISITES AUX CHATS\u00a0\u00bb color=\u00a0\u00bbblack\u00a0\u00bb el_id=\u00a0\u00bb1463893102350-80afc200-4fab\u00a0\u00bb el_class=\u00a0\u00bbabout-faq\u00a0\u00bb]Votre chat demande-t-il de l\u2019attention ou des soins particuliers?<br \/>\nPetPros vous propose des visites pour rafra\u00eechir l\u2019eau et la nourriture, changer la liti\u00e8re et autre.<br \/>\n<a title=\"Contactez-nous\" href=\"https:\/\/www.petproscanada.com\/fr\/contacts\/\">Parlez-nous\u00a0<\/a>de nos services f\u00e9lins aujourd\u2019hui![\/vc_toggle][vc_toggle title=\u00a0\u00bbTOILETTAGE\u00a0\u00bb color=\u00a0\u00bbblack\u00a0\u00bb el_id=\u00a0\u00bb1463893123122-8b6f26b6-a540&Prime; el_class=\u00a0\u00bbabout-faq\u00a0\u00bb]Toilette de votre animal en entier, coupe d\u2019ongle, tonte de poils etc.<br \/>\nLe prix varie selon la taille de l\u2019animal.<br \/>\n<a title=\"Contactez-nous\" href=\"https:\/\/www.petproscanada.com\/fr\/contacts\/\">Contactez-nous<\/a>\u00a0pour obtenir plus d\u2019informations.[\/vc_toggle][vc_toggle title=\u00a0\u00bbCOURS DE DRESSAGE\u00a0\u00bb color=\u00a0\u00bbblack\u00a0\u00bb el_id=\u00a0\u00bb1463893138058-19fb3a6a-bdcd\u00a0\u00bb el_class=\u00a0\u00bbabout-faq\u00a0\u00bb]Nous offrons des cours de dressage professionnels avec un entraineur certifi\u00e9.<\/p>\n<p><a title=\"Contactez-nous\" href=\"https:\/\/www.petproscanada.com\/fr\/contacts\/\">Contactez-nous<\/a>\u00a0pour obtenir plus d\u2019information.[\/vc_toggle][vc_toggle title=\u00a0\u00bbTRANSPORT ANIMAL\u00a0\u00bb color=\u00a0\u00bbblack\u00a0\u00bb el_id=\u00a0\u00bb1463893152115-3d8eba8e-7c66&Prime; el_class=\u00a0\u00bbabout-faq\u00a0\u00bb]Le transport de votre compagnon est disponible en tout temps selon vos besoins.<br \/>\nLes tarifs varient selon la distance de transport.<br \/>\n<a title=\"Contactez-nous\" href=\"https:\/\/www.petproscanada.com\/fr\/contacts\/\">Contactez-nous<\/a>\u00a0pour obtenir plus d\u2019informations.[\/vc_toggle][vc_toggle title=\u00a0\u00bbLIVRAISON DE NOURRITURE\u00a0\u00bb color=\u00a0\u00bbblack\u00a0\u00bb el_id=\u00a0\u00bb1463906243049-904b9e2a-aa5d\u00a0\u00bb el_class=\u00a0\u00bbabout-faq\u00a0\u00bb]<a title=\"Contactez-nous\" href=\"https:\/\/www.petproscanada.com\/fr\/contacts\/\">Contactez-nous<\/a>\u00a0pour obtenir plus d\u2019informations.[\/vc_toggle][\/vc_column][vc_column width=\u00a0\u00bb1\/2&Prime;][vc_single_image image=\u00a0\u00bb19895&Prime; img_size=\u00a0\u00bbfull\u00a0\u00bb alignment=\u00a0\u00bbcenter\u00a0\u00bb css_animation=\u00a0\u00bbtop-to-bottom\u00a0\u00bb][\/vc_column][\/vc_row][vc_row full_width=\u00a0\u00bbstretch_row_content_no_spaces\u00a0\u00bb gap=\u00a0\u00bb0&Prime; full_height=\u00a0\u00bb\u00a0\u00bb columns_placement=\u00a0\u00bbmiddle\u00a0\u00bb equal_height=\u00a0\u00bb\u00a0\u00bb content_placement=\u00a0\u00bb\u00a0\u00bb video_bg=\u00a0\u00bb\u00a0\u00bb video_bg_url=\u00a0\u00bbhttps:\/\/www.youtube.com\/watch?v=lMJXxhRFO1k\u00a0\u00bb video_bg_parallax=\u00a0\u00bb\u00a0\u00bb parallax=\u00a0\u00bb\u00a0\u00bb parallax_image=\u00a0\u00bb\u00a0\u00bb parallax_speed_video=\u00a0\u00bb1.5&Prime; parallax_speed_bg=\u00a0\u00bb1.5&Prime; el_id=\u00a0\u00bb\u00a0\u00bb el_class=\u00a0\u00bb\u00a0\u00bb css=\u00a0\u00bb.vc_custom_1463980765749{margin-top: -80px !important;margin-bottom: -71px !important;background-color: #ffffff !important;}\u00a0\u00bb container_wrap=\u00a0\u00bb\u00a0\u00bb][vc_column][vc_single_image image=\u00a0\u00bb19968&Prime; img_size=\u00a0\u00bbfull\u00a0\u00bb alignment=\u00a0\u00bbcenter\u00a0\u00bb el_class=\u00a0\u00bbdg-lined\u00a0\u00bb][\/vc_column][\/vc_row][vc_row full_width=\u00a0\u00bbstretch_row\u00a0\u00bb gap=\u00a0\u00bb0&Prime; full_height=\u00a0\u00bb\u00a0\u00bb columns_placement=\u00a0\u00bbmiddle\u00a0\u00bb equal_height=\u00a0\u00bb\u00a0\u00bb content_placement=\u00a0\u00bb\u00a0\u00bb video_bg=\u00a0\u00bb\u00a0\u00bb video_bg_url=\u00a0\u00bbhttps:\/\/www.youtube.com\/watch?v=lMJXxhRFO1k\u00a0\u00bb video_bg_parallax=\u00a0\u00bb\u00a0\u00bb parallax=\u00a0\u00bb\u00a0\u00bb parallax_image=\u00a0\u00bb\u00a0\u00bb parallax_speed_video=\u00a0\u00bb1.5&Prime; parallax_speed_bg=\u00a0\u00bb1.5&Prime; el_id=\u00a0\u00bb\u00a0\u00bb el_class=\u00a0\u00bb\u00a0\u00bb css=\u00a0\u00bb.vc_custom_1463980775717{padding-top: 60px !important;background-color: #fff6fb !important;}\u00a0\u00bb container_wrap=\u00a0\u00bbyes\u00a0\u00bb][vc_column][laborator_testimonials testimonials_query=\u00a0\u00bbsize:All|order_by:date|order:DESC|post_type:,testimonial\u00a0\u00bb][\/vc_column][\/vc_row][vc_row full_width=\u00a0\u00bb\u00a0\u00bb gap=\u00a0\u00bb0&Prime; full_height=\u00a0\u00bb\u00a0\u00bb columns_placement=\u00a0\u00bbmiddle\u00a0\u00bb equal_height=\u00a0\u00bb\u00a0\u00bb content_placement=\u00a0\u00bb\u00a0\u00bb video_bg=\u00a0\u00bb\u00a0\u00bb video_bg_url=\u00a0\u00bbhttps:\/\/www.youtube.com\/watch?v=lMJXxhRFO1k\u00a0\u00bb video_bg_parallax=\u00a0\u00bb\u00a0\u00bb parallax=\u00a0\u00bb\u00a0\u00bb parallax_image=\u00a0\u00bb\u00a0\u00bb parallax_speed_video=\u00a0\u00bb1.5&Prime; parallax_speed_bg=\u00a0\u00bb1.5&Prime; el_id=\u00a0\u00bb\u00a0\u00bb el_class=\u00a0\u00bb\u00a0\u00bb css=\u00a0\u00bb.vc_custom_1463814267493{margin-top: 80px !important;}\u00a0\u00bb container_wrap=\u00a0\u00bb\u00a0\u00bb][vc_column][vc_custom_heading text=\u00a0\u00bbPetPros Canada a \u00e9t\u00e9 pr\u00e9sent\u00e9 a:\u00a0\u00bb font_container=\u00a0\u00bbtag:div|font_size:21px|text_align:center|color:%23565656&Prime; google_fonts=\u00a0\u00bbfont_family:Raleway%3A100%2C200%2C300%2Cregular%2C500%2C600%2C700%2C800%2C900|font_style:200%20light%20regular%3A200%3Anormal\u00a0\u00bb css=\u00a0\u00bb.vc_custom_1467795086295{margin-top: -35px !important;}\u00a0\u00bb][vc_single_image image=\u00a0\u00bb20350&Prime; img_size=\u00a0\u00bbfull\u00a0\u00bb alignment=\u00a0\u00bbcenter\u00a0\u00bb css=\u00a0\u00bb.vc_custom_1467795118932{margin-top: 30px !important;}\u00a0\u00bb][\/vc_column][\/vc_row]<\/p>\n<\/div>","protected":false},"excerpt":{"rendered":"<p>[vc_row full_width=\u00a0\u00bbstretch_row\u00a0\u00bb gap=\u00a0\u00bb0&Prime; full_height=\u00a0\u00bbyes\u00a0\u00bb columns_placement=\u00a0\u00bbmiddle\u00a0\u00bb equal_height=\u00a0\u00bb\u00a0\u00bb content_placement=\u00a0\u00bb\u00a0\u00bb video_bg=\u00a0\u00bb\u00a0\u00bb video_bg_url=\u00a0\u00bbhttps:\/\/www.youtube.com\/watch?v=lMJXxhRFO1k\u00a0\u00bb video_bg_parallax=\u00a0\u00bb\u00a0\u00bb parallax=\u00a0\u00bb\u00a0\u00bb parallax_image=\u00a0\u00bb\u00a0\u00bb parallax_speed_video=\u00a0\u00bb1.5&Prime; parallax_speed_bg=\u00a0\u00bb1.5&Prime; el_id=\u00a0\u00bb\u00a0\u00bb el_class=\u00a0\u00bb\u00a0\u00bb css=\u00a0\u00bb.vc_custom_1463901434237{padding-top: 35px !important;padding-bottom: 35px !important;background-image: url(http:\/\/www.petproscanada.com\/wp-content\/uploads\/2016\/05\/our-service-topbanner.jpg?id=19884) !important;background-position: center !important;background-repeat: no-repeat !important;background-size: cover !important;}\u00a0\u00bb container_wrap=\u00a0\u00bbyes\u00a0\u00bb][vc_column][vc_custom_heading text=\u00a0\u00bbNos Services\u00a0\u00bb font_container=\u00a0\u00bbtag:div|font_size:55|text_align:right|color:%230091ba\u00a0\u00bb google_fonts=\u00a0\u00bbfont_family:Raleway%3A100%2C200%2C300%2Cregular%2C500%2C600%2C700%2C800%2C900|font_style:200%20light%20regular%3A200%3Anormal\u00a0\u00bb][\/vc_column][\/vc_row][vc_row full_width=\u00a0\u00bb\u00a0\u00bb gap=\u00a0\u00bb0&Prime; full_height=\u00a0\u00bb\u00a0\u00bb columns_placement=\u00a0\u00bbmiddle\u00a0\u00bb equal_height=\u00a0\u00bb\u00a0\u00bb content_placement=\u00a0\u00bb\u00a0\u00bb video_bg=\u00a0\u00bb\u00a0\u00bb video_bg_url=\u00a0\u00bbhttps:\/\/www.youtube.com\/watch?v=lMJXxhRFO1k\u00a0\u00bb video_bg_parallax=\u00a0\u00bb\u00a0\u00bb parallax=\u00a0\u00bb\u00a0\u00bb parallax_image=\u00a0\u00bb\u00a0\u00bb parallax_speed_video=\u00a0\u00bb1.5&Prime; parallax_speed_bg=\u00a0\u00bb1.5&Prime; el_id=\u00a0\u00bb\u00a0\u00bb el_class=\u00a0\u00bb\u00a0\u00bb css=\u00a0\u00bb.vc_custom_1463904640297{margin-top: 100px !important;margin-bottom: 60px !important;}\u00a0\u00bb container_wrap=\u00a0\u00bb\u00a0\u00bb][vc_column][vc_custom_heading text=\u00a0\u00bbTarifs comp\u00e9titifs et service attentionn\u00e9\u00a0\u00bb font_container=\u00a0\u00bbtag:div|font_size:40|text_align:center|color:%230091ba\u00a0\u00bb google_fonts=\u00a0\u00bbfont_family:Raleway%3A100%2C200%2C300%2Cregular%2C500%2C600%2C700%2C800%2C900|font_style:300%20light%20regular%3A300%3Anormal\u00a0\u00bb][\/vc_column][\/vc_row][vc_row full_width=\u00a0\u00bb\u00a0\u00bb gap=\u00a0\u00bb0&Prime; full_height=\u00a0\u00bb\u00a0\u00bb columns_placement=\u00a0\u00bbmiddle\u00a0\u00bb equal_height=\u00a0\u00bb\u00a0\u00bb content_placement=\u00a0\u00bb\u00a0\u00bb video_bg=\u00a0\u00bb\u00a0\u00bb video_bg_url=\u00a0\u00bbhttps:\/\/www.youtube.com\/watch?v=lMJXxhRFO1k\u00a0\u00bb video_bg_parallax=\u00a0\u00bb\u00a0\u00bb parallax=\u00a0\u00bb\u00a0\u00bb parallax_image=\u00a0\u00bb\u00a0\u00bb parallax_speed_video=\u00a0\u00bb1.5&Prime; parallax_speed_bg=\u00a0\u00bb1.5&Prime;&hellip;<\/p>\n","protected":false},"author":7,"featured_media":0,"parent":0,"menu_order":0,"comment_status":"closed","ping_status":"closed","template":"","meta":{"_acf_changed":false,"footnotes":""},"class_list":["post-20019","page","type-page","status-publish","hentry"],"acf":[],"yoast_head":"<title>Dog Walk Service, Perfect Pet Sitting, Dog Obedience Classes<\/title>\n<meta name=\"description\" content=\"We offer the high quality services for your pets. Petpros offers Dog Walks, Boarding,Grooming,Dog Sitting\/Pet Sitting,Obedience classes, Pet Food Delivery.\" \/>\n<meta name=\"robots\" content=\"index, follow, max-snippet:-1, max-image-preview:large, max-video-preview:-1\" \/>\n<link rel=\"canonical\" href=\"https:\/\/www.petproscanada.com\/nos-services\/\" \/>\n<meta property=\"og:locale\" content=\"fr_FR\" \/>\n<meta property=\"og:type\" content=\"article\" \/>\n<meta property=\"og:title\" content=\"Dog Walk Service, Perfect Pet Sitting, Dog Obedience Classes\" \/>\n<meta property=\"og:description\" content=\"We offer the high quality services for your pets. Petpros offers Dog Walks, Boarding,Grooming,Dog Sitting\/Pet Sitting,Obedience classes, Pet Food Delivery.\" \/>\n<meta property=\"og:url\" content=\"https:\/\/www.petproscanada.com\/nos-services\/\" \/>\n<meta property=\"og:site_name\" content=\"PetProsCanada\" \/>\n<meta property=\"article:modified_time\" content=\"2023-05-18T15:04:52+00:00\" \/>\n<meta name=\"twitter:card\" content=\"summary_large_image\" \/>\n<meta name=\"twitter:label1\" content=\"Dur\u00e9e de lecture estim\u00e9e\" \/>\n\t<meta name=\"twitter:data1\" content=\"5 minutes\" \/>\n<script type=\"application\/ld+json\" class=\"yoast-schema-graph\">{\"@context\":\"https:\/\/schema.org\",\"@graph\":[{\"@type\":\"WebPage\",\"@id\":\"https:\/\/www.petproscanada.com\/nos-services\/\",\"url\":\"https:\/\/www.petproscanada.com\/nos-services\/\",\"name\":\"Dog Walk Service, Perfect Pet Sitting, Dog Obedience Classes\",\"isPartOf\":{\"@id\":\"https:\/\/www.petproscanada.com\/#website\"},\"datePublished\":\"2016-05-24T12:31:37+00:00\",\"dateModified\":\"2023-05-18T15:04:52+00:00\",\"description\":\"We offer the high quality services for your pets. Petpros offers Dog Walks, Boarding,Grooming,Dog Sitting\/Pet Sitting,Obedience classes, Pet Food Delivery.\",\"breadcrumb\":{\"@id\":\"https:\/\/www.petproscanada.com\/nos-services\/#breadcrumb\"},\"inLanguage\":\"fr-FR\",\"potentialAction\":[{\"@type\":\"ReadAction\",\"target\":[\"https:\/\/www.petproscanada.com\/nos-services\/\"]}]},{\"@type\":\"BreadcrumbList\",\"@id\":\"https:\/\/www.petproscanada.com\/nos-services\/#breadcrumb\",\"itemListElement\":[{\"@type\":\"ListItem\",\"position\":1,\"name\":\"Home\",\"item\":\"https:\/\/www.petproscanada.com\/accueil\/\"},{\"@type\":\"ListItem\",\"position\":2,\"name\":\"Nos Services\"}]},{\"@type\":\"WebSite\",\"@id\":\"https:\/\/www.petproscanada.com\/#website\",\"url\":\"https:\/\/www.petproscanada.com\/\",\"name\":\"PetProsCanada\",\"description\":\"Service \u00e9lite pour animaux de compagnie\",\"potentialAction\":[{\"@type\":\"SearchAction\",\"target\":{\"@type\":\"EntryPoint\",\"urlTemplate\":\"https:\/\/www.petproscanada.com\/?s={search_term_string}\"},\"query-input\":{\"@type\":\"PropertyValueSpecification\",\"valueRequired\":true,\"valueName\":\"search_term_string\"}}],\"inLanguage\":\"fr-FR\"}]}<\/script>","yoast_head_json":{"title":"Dog Walk Service, Perfect Pet Sitting, Dog Obedience Classes","description":"We offer the high quality services for your pets. Petpros offers Dog Walks, Boarding,Grooming,Dog Sitting\/Pet Sitting,Obedience classes, Pet Food Delivery.","robots":{"index":"index","follow":"follow","max-snippet":"max-snippet:-1","max-image-preview":"max-image-preview:large","max-video-preview":"max-video-preview:-1"},"canonical":"https:\/\/www.petproscanada.com\/nos-services\/","og_locale":"fr_FR","og_type":"article","og_title":"Dog Walk Service, Perfect Pet Sitting, Dog Obedience Classes","og_description":"We offer the high quality services for your pets. Petpros offers Dog Walks, Boarding,Grooming,Dog Sitting\/Pet Sitting,Obedience classes, Pet Food Delivery.","og_url":"https:\/\/www.petproscanada.com\/nos-services\/","og_site_name":"PetProsCanada","article_modified_time":"2023-05-18T15:04:52+00:00","twitter_card":"summary_large_image","twitter_misc":{"Dur\u00e9e de lecture estim\u00e9e":"5 minutes"},"schema":{"@context":"https:\/\/schema.org","@graph":[{"@type":"WebPage","@id":"https:\/\/www.petproscanada.com\/nos-services\/","url":"https:\/\/www.petproscanada.com\/nos-services\/","name":"Dog Walk Service, Perfect Pet Sitting, Dog Obedience Classes","isPartOf":{"@id":"https:\/\/www.petproscanada.com\/#website"},"datePublished":"2016-05-24T12:31:37+00:00","dateModified":"2023-05-18T15:04:52+00:00","description":"We offer the high quality services for your pets. Petpros offers Dog Walks, Boarding,Grooming,Dog Sitting\/Pet Sitting,Obedience classes, Pet Food Delivery.","breadcrumb":{"@id":"https:\/\/www.petproscanada.com\/nos-services\/#breadcrumb"},"inLanguage":"fr-FR","potentialAction":[{"@type":"ReadAction","target":["https:\/\/www.petproscanada.com\/nos-services\/"]}]},{"@type":"BreadcrumbList","@id":"https:\/\/www.petproscanada.com\/nos-services\/#breadcrumb","itemListElement":[{"@type":"ListItem","position":1,"name":"Home","item":"https:\/\/www.petproscanada.com\/accueil\/"},{"@type":"ListItem","position":2,"name":"Nos Services"}]},{"@type":"WebSite","@id":"https:\/\/www.petproscanada.com\/#website","url":"https:\/\/www.petproscanada.com\/","name":"PetProsCanada","description":"Service \u00e9lite pour animaux de compagnie","potentialAction":[{"@type":"SearchAction","target":{"@type":"EntryPoint","urlTemplate":"https:\/\/www.petproscanada.com\/?s={search_term_string}"},"query-input":{"@type":"PropertyValueSpecification","valueRequired":true,"valueName":"search_term_string"}}],"inLanguage":"fr-FR"}]}},"_links":{"self":[{"href":"https:\/\/www.petproscanada.com\/fr\/wp-json\/wp\/v2\/pages\/20019","targetHints":{"allow":["GET"]}}],"collection":[{"href":"https:\/\/www.petproscanada.com\/fr\/wp-json\/wp\/v2\/pages"}],"about":[{"href":"https:\/\/www.petproscanada.com\/fr\/wp-json\/wp\/v2\/types\/page"}],"author":[{"embeddable":true,"href":"https:\/\/www.petproscanada.com\/fr\/wp-json\/wp\/v2\/users\/7"}],"replies":[{"embeddable":true,"href":"https:\/\/www.petproscanada.com\/fr\/wp-json\/wp\/v2\/comments?post=20019"}],"version-history":[{"count":16,"href":"https:\/\/www.petproscanada.com\/fr\/wp-json\/wp\/v2\/pages\/20019\/revisions"}],"predecessor-version":[{"id":30242,"href":"https:\/\/www.petproscanada.com\/fr\/wp-json\/wp\/v2\/pages\/20019\/revisions\/30242"}],"wp:attachment":[{"href":"https:\/\/www.petproscanada.com\/fr\/wp-json\/wp\/v2\/media?parent=20019"}],"curies":[{"name":"wp","href":"https:\/\/api.w.org\/{rel}","templated":true}]}}