{"id":20001,"date":"2016-05-24T05:55:43","date_gmt":"2016-05-24T11:55:43","guid":{"rendered":"http:\/\/launi.biz\/?page_id=20001&#038;lang=fr"},"modified":"2018-05-18T09:46:02","modified_gmt":"2018-05-18T15:46:02","slug":"about-us","status":"publish","type":"page","link":"https:\/\/www.petproscanada.com\/fr\/about-us\/","title":{"rendered":"\u00c0 Propos"},"content":{"rendered":"<div class=\"wpb-content-wrapper\"><p>[vc_row full_width=\u00a0\u00bbstretch_row\u00a0\u00bb gap=\u00a0\u00bb0&Prime; full_height=\u00a0\u00bbyes\u00a0\u00bb columns_placement=\u00a0\u00bbmiddle\u00a0\u00bb equal_height=\u00a0\u00bb\u00a0\u00bb content_placement=\u00a0\u00bb\u00a0\u00bb video_bg=\u00a0\u00bb\u00a0\u00bb video_bg_url=\u00a0\u00bbhttps:\/\/www.youtube.com\/watch?v=lMJXxhRFO1k\u00a0\u00bb video_bg_parallax=\u00a0\u00bb\u00a0\u00bb parallax=\u00a0\u00bb\u00a0\u00bb parallax_image=\u00a0\u00bb\u00a0\u00bb parallax_speed_video=\u00a0\u00bb1.5&Prime; parallax_speed_bg=\u00a0\u00bb1.5&Prime; el_id=\u00a0\u00bb\u00a0\u00bb el_class=\u00a0\u00bb\u00a0\u00bb css=\u00a0\u00bb.vc_custom_1463821668478{padding-top: 35px !important;padding-bottom: 35px !important;background-image: url(http:\/\/www.petproscanada.com\/wp-content\/uploads\/2016\/05\/about-us-topbanner.jpg?id=19822) !important;background-position: center !important;background-repeat: no-repeat !important;background-size: cover !important;}\u00a0\u00bb container_wrap=\u00a0\u00bbyes\u00a0\u00bb][vc_column][vc_custom_heading text=\u00a0\u00bb\u00c0 Propos\u00a0\u00bb font_container=\u00a0\u00bbtag:div|font_size:55|text_align:right|color:%230091ba\u00a0\u00bb google_fonts=\u00a0\u00bbfont_family:Raleway%3A100%2C200%2C300%2Cregular%2C500%2C600%2C700%2C800%2C900|font_style:200%20light%20regular%3A200%3Anormal\u00a0\u00bb][\/vc_column][\/vc_row][vc_row full_width=\u00a0\u00bbstretch_row\u00a0\u00bb gap=\u00a0\u00bb0&Prime; full_height=\u00a0\u00bb\u00a0\u00bb columns_placement=\u00a0\u00bbmiddle\u00a0\u00bb equal_height=\u00a0\u00bb\u00a0\u00bb content_placement=\u00a0\u00bb\u00a0\u00bb video_bg=\u00a0\u00bb\u00a0\u00bb video_bg_url=\u00a0\u00bbhttps:\/\/www.youtube.com\/watch?v=lMJXxhRFO1k\u00a0\u00bb video_bg_parallax=\u00a0\u00bb\u00a0\u00bb parallax=\u00a0\u00bb\u00a0\u00bb parallax_image=\u00a0\u00bb\u00a0\u00bb parallax_speed_video=\u00a0\u00bb1.5&Prime; parallax_speed_bg=\u00a0\u00bb1.5&Prime; el_id=\u00a0\u00bb\u00a0\u00bb el_class=\u00a0\u00bb\u00a0\u00bb css=\u00a0\u00bb.vc_custom_1463894880589{padding-top: 50px !important;background-color: #fff6fb !important;}\u00a0\u00bb container_wrap=\u00a0\u00bbyes\u00a0\u00bb][vc_column][vc_single_image image=\u00a0\u00bb19874&Prime; img_size=\u00a0\u00bbfull\u00a0\u00bb][vc_custom_heading text=\u00a0\u00bbNotre compagnie\u00a0\u00bb font_container=\u00a0\u00bbtag:div|font_size:40|text_align:left|color:%23de0051&Prime; google_fonts=\u00a0\u00bbfont_family:Raleway%3A100%2C200%2C300%2Cregular%2C500%2C600%2C700%2C800%2C900|font_style:200%20light%20regular%3A200%3Anormal\u00a0\u00bb][vc_column_text el_class=\u00a0\u00bbthe-well-being-right-para\u00a0\u00bb]Nous sommes une entreprise de services assur\u00e9e offrant un vaste \u00e9ventail de services aux propri\u00e9taires d&rsquo;animaux de compagnie partout \u00e0 Montr\u00e9al. \u00a0Qu&rsquo;il s&rsquo;agisse de promener votre chien, de le garder ou le toiletter, nous pouvons voir \u00e0 tous vos besoins.[\/vc_column_text][\/vc_column][\/vc_row][vc_row full_width=\u00a0\u00bbstretch_row\u00a0\u00bb gap=\u00a0\u00bb0&Prime; full_height=\u00a0\u00bb\u00a0\u00bb columns_placement=\u00a0\u00bbmiddle\u00a0\u00bb equal_height=\u00a0\u00bb\u00a0\u00bb content_placement=\u00a0\u00bb\u00a0\u00bb video_bg=\u00a0\u00bb\u00a0\u00bb video_bg_url=\u00a0\u00bbhttps:\/\/www.youtube.com\/watch?v=lMJXxhRFO1k\u00a0\u00bb video_bg_parallax=\u00a0\u00bb\u00a0\u00bb parallax=\u00a0\u00bb\u00a0\u00bb parallax_image=\u00a0\u00bb\u00a0\u00bb parallax_speed_video=\u00a0\u00bb1.5&Prime; parallax_speed_bg=\u00a0\u00bb1.5&Prime; el_id=\u00a0\u00bb\u00a0\u00bb el_class=\u00a0\u00bb\u00a0\u00bb css=\u00a0\u00bb.vc_custom_1463899967653{padding-top: 50px !important;background-color: #ffffff !important;}\u00a0\u00bb container_wrap=\u00a0\u00bbyes\u00a0\u00bb][vc_column][vc_single_image image=\u00a0\u00bb19878&Prime; img_size=\u00a0\u00bbfull\u00a0\u00bb][vc_custom_heading text=\u00a0\u00bbNos promeneurs de chiens\u00a0\u00bb font_container=\u00a0\u00bbtag:div|font_size:40|text_align:left|color:%23de0051&Prime; google_fonts=\u00a0\u00bbfont_family:Raleway%3A100%2C200%2C300%2Cregular%2C500%2C600%2C700%2C800%2C900|font_style:200%20light%20regular%3A200%3Anormal\u00a0\u00bb][vc_column_text el_class=\u00a0\u00bbthe-well-being-right-para\u00a0\u00bb]Notre personnel chez PetPros Canada est compos\u00e9 d&#8217;employ\u00e9s fiables, attentifs, attentionn\u00e9s et amoureux des animaux et un bon nombre sont b\u00e9n\u00e9voles\u00a0de la SPCA. Nous prenons grand plaisir \u00e0 encourager les liens avec les animaux dont nous prenons soin et avec leurs propri\u00e9taires en veillant sur leur animal comme s&rsquo;il \u00e9tait \u00e0 nous.[\/vc_column_text][\/vc_column][\/vc_row][vc_row full_width=\u00a0\u00bbstretch_row\u00a0\u00bb gap=\u00a0\u00bb0&Prime; full_height=\u00a0\u00bb\u00a0\u00bb columns_placement=\u00a0\u00bbmiddle\u00a0\u00bb equal_height=\u00a0\u00bb\u00a0\u00bb content_placement=\u00a0\u00bb\u00a0\u00bb video_bg=\u00a0\u00bb\u00a0\u00bb video_bg_url=\u00a0\u00bbhttps:\/\/www.youtube.com\/watch?v=lMJXxhRFO1k\u00a0\u00bb video_bg_parallax=\u00a0\u00bb\u00a0\u00bb parallax=\u00a0\u00bb\u00a0\u00bb parallax_image=\u00a0\u00bb\u00a0\u00bb parallax_speed_video=\u00a0\u00bb1.5&Prime; parallax_speed_bg=\u00a0\u00bb1.5&Prime; el_id=\u00a0\u00bb\u00a0\u00bb el_class=\u00a0\u00bb\u00a0\u00bb css=\u00a0\u00bb.vc_custom_1463894880589{padding-top: 50px !important;background-color: #fff6fb !important;}\u00a0\u00bb container_wrap=\u00a0\u00bbyes\u00a0\u00bb][vc_column][vc_single_image image=\u00a0\u00bb19879&Prime; img_size=\u00a0\u00bbfull\u00a0\u00bb][vc_custom_heading text=\u00a0\u00bbNotre objectif\u00a0\u00bb font_container=\u00a0\u00bbtag:div|font_size:40|text_align:left|color:%23de0051&Prime; google_fonts=\u00a0\u00bbfont_family:Raleway%3A100%2C200%2C300%2Cregular%2C500%2C600%2C700%2C800%2C900|font_style:200%20light%20regular%3A200%3Anormal\u00a0\u00bb][vc_column_text el_class=\u00a0\u00bbthe-well-being-right-para\u00a0\u00bb]Chez PetPros Canada, notre mission est simple\u00a0: offrir le meilleur service possible \u00e0 votre animal de compagnie. Nous avons \u00e0 c\u0153ur de veiller \u00e0 ce que votre animal soit heureux et confortable en lui donnant une attention toute particuli\u00e8re. Nous d\u00e9sirons que vous et votre animal ayez le sentiment de faire partie de la famille PetPros.[\/vc_column_text][\/vc_column][\/vc_row][vc_row full_width=\u00a0\u00bb\u00a0\u00bb gap=\u00a0\u00bb0&Prime; full_height=\u00a0\u00bb\u00a0\u00bb columns_placement=\u00a0\u00bbmiddle\u00a0\u00bb equal_height=\u00a0\u00bb\u00a0\u00bb content_placement=\u00a0\u00bb\u00a0\u00bb video_bg=\u00a0\u00bb\u00a0\u00bb video_bg_url=\u00a0\u00bbhttps:\/\/www.youtube.com\/watch?v=lMJXxhRFO1k\u00a0\u00bb video_bg_parallax=\u00a0\u00bb\u00a0\u00bb parallax=\u00a0\u00bb\u00a0\u00bb parallax_image=\u00a0\u00bb\u00a0\u00bb parallax_speed_video=\u00a0\u00bb1.5&Prime; parallax_speed_bg=\u00a0\u00bb1.5&Prime; el_id=\u00a0\u00bb\u00a0\u00bb el_class=\u00a0\u00bb\u00a0\u00bb css=\u00a0\u00bb\u00a0\u00bb container_wrap=\u00a0\u00bbyes\u00a0\u00bb][vc_column width=\u00a0\u00bb1\/2&Prime;][vc_single_image image=\u00a0\u00bb19825&Prime; img_size=\u00a0\u00bbfull\u00a0\u00bb css_animation=\u00a0\u00bbtop-to-bottom\u00a0\u00bb css=\u00a0\u00bb.vc_custom_1463893805882{margin-top: 50px !important;margin-bottom: 17px !important;}\u00a0\u00bb][vc_custom_heading text=\u00a0\u00bbNos photos\u00a0\u00bb font_container=\u00a0\u00bbtag:div|font_size:40|text_align:left|color:%23de0051&Prime; google_fonts=\u00a0\u00bbfont_family:Raleway%3A100%2C200%2C300%2Cregular%2C500%2C600%2C700%2C800%2C900|font_style:200%20light%20regular%3A200%3Anormal\u00a0\u00bb][vc_separator color=\u00a0\u00bbcustom\u00a0\u00bb accent_color=\u00a0\u00bb#d4d3d3&Prime;][vc_gallery type=\u00a0\u00bbimage_grid\u00a0\u00bb images=\u00a0\u00bb20324,20326,20328,20330,20514,20332,20334,20338,20340&Prime; el_class=\u00a0\u00bbabout-gallery\u00a0\u00bb][\/vc_column][vc_column width=\u00a0\u00bb1\/2&Prime;][vc_single_image image=\u00a0\u00bb19842&Prime; img_size=\u00a0\u00bbfull\u00a0\u00bb css_animation=\u00a0\u00bbtop-to-bottom\u00a0\u00bb css=\u00a0\u00bb.vc_custom_1463893831630{margin-top: 45px !important;margin-bottom: 7px !important;}\u00a0\u00bb][vc_custom_heading text=\u00a0\u00bbFAQ\u00a0\u00bb font_container=\u00a0\u00bbtag:div|font_size:40|text_align:left|color:%23de0051&Prime; google_fonts=\u00a0\u00bbfont_family:Raleway%3A100%2C200%2C300%2Cregular%2C500%2C600%2C700%2C800%2C900|font_style:200%20light%20regular%3A200%3Anormal\u00a0\u00bb css=\u00a0\u00bb.vc_custom_1464114025487{margin-top: 5px !important;}\u00a0\u00bb][vc_separator color=\u00a0\u00bbcustom\u00a0\u00bb accent_color=\u00a0\u00bb#d4d3d3&Prime; css=\u00a0\u00bb.vc_custom_1463894377857{margin-top: 5px !important;}\u00a0\u00bb][vc_toggle title=\u00a0\u00bbQuels secteurs de Montr\u00e9al desservez-vous?\u00a0\u00bb color=\u00a0\u00bbblack\u00a0\u00bb el_id=\u00a0\u00bb1463822371134-e407a2d2-5aa2&Prime; el_class=\u00a0\u00bbabout-faq\u00a0\u00bb]Nous desservons toute l&rsquo;\u00eele de Montr\u00e9al et l&rsquo;\u00eele des Soeurs. Nous ne desservons pas la Rive-Sud et Laval.[\/vc_toggle][vc_toggle title=\u00a0\u00bbCombien de temps au pr\u00e9alable doit-on r\u00e9server vos services?\u00a0\u00bb color=\u00a0\u00bbblack\u00a0\u00bb el_id=\u00a0\u00bb1463823231620-5a48e16a-e45b\u00a0\u00bb el_class=\u00a0\u00bbabout-faq\u00a0\u00bb]Entre 24 et 48 heures \u00e0 l&rsquo;avance est toujours pr\u00e9f\u00e9rable, mais nous pouvons g\u00e9n\u00e9ralement r\u00e9pondre \u00e0 une requ\u00eate faite le jour m\u00eame. Si nous ne pouvons pas vous aider, nous nous ferons un plaisir de vous recommander quelqu&rsquo;un de disponible.[\/vc_toggle][vc_toggle title=\u00a0\u00bbO\u00f9 logera mon animal lorsque je le ferai garder?\u00a0\u00bb color=\u00a0\u00bbblack\u00a0\u00bb el_id=\u00a0\u00bb1463893018236-a1e05b6f-ad1e\u00a0\u00bb el_class=\u00a0\u00bbabout-faq\u00a0\u00bb]Dans un environnement familial sans cage.[\/vc_toggle][vc_toggle title=\u00a0\u00bbMe tiendrez-vous inform\u00e9 du comportement de mon animal lorsque je serai \u00e0 l&rsquo;ext\u00e9rieur de la ville?\u00a0\u00bb color=\u00a0\u00bbblack\u00a0\u00bb el_id=\u00a0\u00bb1463893074236-13c3d05a-6858&Prime; el_class=\u00a0\u00bbabout-faq\u00a0\u00bb]Oui. Nous vous enverrons des messages textes et des photos lorsque nous les visiterons ou les prom\u00e8nerons.[\/vc_toggle][vc_toggle title=\u00a0\u00bb\u00cates-vous en mesure de lui donner ses m\u00e9dicaments lorsque vous le gardez? \u00a0\u00bb color=\u00a0\u00bbblack\u00a0\u00bb el_id=\u00a0\u00bb1463893102350-80afc200-4fab\u00a0\u00bb el_class=\u00a0\u00bbabout-faq\u00a0\u00bb]Oui. Nous pouvons administrer des m\u00e9dicaments aux animaux lorsque nous les gardons.[\/vc_toggle][\/vc_column][\/vc_row][vc_row full_width=\u00a0\u00bbstretch_row_content_no_spaces\u00a0\u00bb gap=\u00a0\u00bb0&Prime; full_height=\u00a0\u00bb\u00a0\u00bb columns_placement=\u00a0\u00bbmiddle\u00a0\u00bb equal_height=\u00a0\u00bb\u00a0\u00bb content_placement=\u00a0\u00bb\u00a0\u00bb video_bg=\u00a0\u00bb\u00a0\u00bb video_bg_url=\u00a0\u00bbhttps:\/\/www.youtube.com\/watch?v=lMJXxhRFO1k\u00a0\u00bb video_bg_parallax=\u00a0\u00bb\u00a0\u00bb parallax=\u00a0\u00bb\u00a0\u00bb parallax_image=\u00a0\u00bb\u00a0\u00bb parallax_speed_video=\u00a0\u00bb1.5&Prime; parallax_speed_bg=\u00a0\u00bb1.5&Prime; el_id=\u00a0\u00bb\u00a0\u00bb el_class=\u00a0\u00bb\u00a0\u00bb css=\u00a0\u00bb.vc_custom_1463979744899{margin-top: -80px !important;margin-bottom: -71px !important;background-color: #ffffff !important;}\u00a0\u00bb container_wrap=\u00a0\u00bb\u00a0\u00bb][vc_column][vc_single_image image=\u00a0\u00bb19968&Prime; img_size=\u00a0\u00bbfull\u00a0\u00bb alignment=\u00a0\u00bbcenter\u00a0\u00bb el_class=\u00a0\u00bbdg-lined\u00a0\u00bb][\/vc_column][\/vc_row][vc_row full_width=\u00a0\u00bbstretch_row\u00a0\u00bb gap=\u00a0\u00bb0&Prime; full_height=\u00a0\u00bb\u00a0\u00bb columns_placement=\u00a0\u00bbmiddle\u00a0\u00bb equal_height=\u00a0\u00bb\u00a0\u00bb content_placement=\u00a0\u00bb\u00a0\u00bb video_bg=\u00a0\u00bb\u00a0\u00bb video_bg_url=\u00a0\u00bbhttps:\/\/www.youtube.com\/watch?v=lMJXxhRFO1k\u00a0\u00bb video_bg_parallax=\u00a0\u00bb\u00a0\u00bb parallax=\u00a0\u00bb\u00a0\u00bb parallax_image=\u00a0\u00bb\u00a0\u00bb parallax_speed_video=\u00a0\u00bb1.5&Prime; parallax_speed_bg=\u00a0\u00bb1.5&Prime; el_id=\u00a0\u00bb\u00a0\u00bb el_class=\u00a0\u00bb\u00a0\u00bb css=\u00a0\u00bb.vc_custom_1463980456436{padding-top: 60px !important;background-color: #fff6fb !important;}\u00a0\u00bb container_wrap=\u00a0\u00bbyes\u00a0\u00bb][vc_column][laborator_testimonials testimonials_query=\u00a0\u00bbsize:All|order_by:date|order:DESC|post_type:,testimonial\u00a0\u00bb][\/vc_column][\/vc_row][vc_row full_width=\u00a0\u00bb\u00a0\u00bb gap=\u00a0\u00bb0&Prime; full_height=\u00a0\u00bb\u00a0\u00bb columns_placement=\u00a0\u00bbmiddle\u00a0\u00bb equal_height=\u00a0\u00bb\u00a0\u00bb content_placement=\u00a0\u00bb\u00a0\u00bb video_bg=\u00a0\u00bb\u00a0\u00bb video_bg_url=\u00a0\u00bbhttps:\/\/www.youtube.com\/watch?v=lMJXxhRFO1k\u00a0\u00bb video_bg_parallax=\u00a0\u00bb\u00a0\u00bb parallax=\u00a0\u00bb\u00a0\u00bb parallax_image=\u00a0\u00bb\u00a0\u00bb parallax_speed_video=\u00a0\u00bb1.5&Prime; parallax_speed_bg=\u00a0\u00bb1.5&Prime; el_id=\u00a0\u00bb\u00a0\u00bb el_class=\u00a0\u00bb\u00a0\u00bb css=\u00a0\u00bb.vc_custom_1463814267493{margin-top: 80px !important;}\u00a0\u00bb container_wrap=\u00a0\u00bb\u00a0\u00bb][vc_column][vc_custom_heading text=\u00a0\u00bbPetPros Canada a \u00e9t\u00e9 pr\u00e9sent\u00e9 a:\u00a0\u00bb font_container=\u00a0\u00bbtag:div|font_size:21px|text_align:center|color:%23565656&Prime; google_fonts=\u00a0\u00bbfont_family:Raleway%3A100%2C200%2C300%2Cregular%2C500%2C600%2C700%2C800%2C900|font_style:200%20light%20regular%3A200%3Anormal\u00a0\u00bb css=\u00a0\u00bb.vc_custom_1467793940034{margin-top: -35px !important;}\u00a0\u00bb][vc_single_image image=\u00a0\u00bb20350&Prime; img_size=\u00a0\u00bbfull\u00a0\u00bb alignment=\u00a0\u00bbcenter\u00a0\u00bb css=\u00a0\u00bb.vc_custom_1467793994427{margin-top: 30px !important;}\u00a0\u00bb][\/vc_column][\/vc_row]<\/p>\n<\/div>","protected":false},"excerpt":{"rendered":"<p>[vc_row full_width=\u00a0\u00bbstretch_row\u00a0\u00bb gap=\u00a0\u00bb0&Prime; full_height=\u00a0\u00bbyes\u00a0\u00bb columns_placement=\u00a0\u00bbmiddle\u00a0\u00bb equal_height=\u00a0\u00bb\u00a0\u00bb content_placement=\u00a0\u00bb\u00a0\u00bb video_bg=\u00a0\u00bb\u00a0\u00bb video_bg_url=\u00a0\u00bbhttps:\/\/www.youtube.com\/watch?v=lMJXxhRFO1k\u00a0\u00bb video_bg_parallax=\u00a0\u00bb\u00a0\u00bb parallax=\u00a0\u00bb\u00a0\u00bb parallax_image=\u00a0\u00bb\u00a0\u00bb parallax_speed_video=\u00a0\u00bb1.5&Prime; parallax_speed_bg=\u00a0\u00bb1.5&Prime; el_id=\u00a0\u00bb\u00a0\u00bb el_class=\u00a0\u00bb\u00a0\u00bb css=\u00a0\u00bb.vc_custom_1463821668478{padding-top: 35px !important;padding-bottom: 35px !important;background-image: url(http:\/\/www.petproscanada.com\/wp-content\/uploads\/2016\/05\/about-us-topbanner.jpg?id=19822) !important;background-position: center !important;background-repeat: no-repeat !important;background-size: cover !important;}\u00a0\u00bb container_wrap=\u00a0\u00bbyes\u00a0\u00bb][vc_column][vc_custom_heading text=\u00a0\u00bb\u00c0 Propos\u00a0\u00bb font_container=\u00a0\u00bbtag:div|font_size:55|text_align:right|color:%230091ba\u00a0\u00bb google_fonts=\u00a0\u00bbfont_family:Raleway%3A100%2C200%2C300%2Cregular%2C500%2C600%2C700%2C800%2C900|font_style:200%20light%20regular%3A200%3Anormal\u00a0\u00bb][\/vc_column][\/vc_row][vc_row full_width=\u00a0\u00bbstretch_row\u00a0\u00bb gap=\u00a0\u00bb0&Prime; full_height=\u00a0\u00bb\u00a0\u00bb columns_placement=\u00a0\u00bbmiddle\u00a0\u00bb equal_height=\u00a0\u00bb\u00a0\u00bb content_placement=\u00a0\u00bb\u00a0\u00bb video_bg=\u00a0\u00bb\u00a0\u00bb video_bg_url=\u00a0\u00bbhttps:\/\/www.youtube.com\/watch?v=lMJXxhRFO1k\u00a0\u00bb video_bg_parallax=\u00a0\u00bb\u00a0\u00bb parallax=\u00a0\u00bb\u00a0\u00bb parallax_image=\u00a0\u00bb\u00a0\u00bb parallax_speed_video=\u00a0\u00bb1.5&Prime; parallax_speed_bg=\u00a0\u00bb1.5&Prime; el_id=\u00a0\u00bb\u00a0\u00bb el_class=\u00a0\u00bb\u00a0\u00bb css=\u00a0\u00bb.vc_custom_1463894880589{padding-top: 50px !important;background-color: #fff6fb !important;}\u00a0\u00bb container_wrap=\u00a0\u00bbyes\u00a0\u00bb][vc_column][vc_single_image image=\u00a0\u00bb19874&Prime; img_size=\u00a0\u00bbfull\u00a0\u00bb][vc_custom_heading text=\u00a0\u00bbNotre compagnie\u00a0\u00bb font_container=\u00a0\u00bbtag:div|font_size:40|text_align:left|color:%23de0051&Prime; google_fonts=\u00a0\u00bbfont_family:Raleway%3A100%2C200%2C300%2Cregular%2C500%2C600%2C700%2C800%2C900|font_style:200%20light%20regular%3A200%3Anormal\u00a0\u00bb][vc_column_text el_class=\u00a0\u00bbthe-well-being-right-para\u00a0\u00bb]Nous sommes une entreprise de services assur\u00e9e offrant un vaste \u00e9ventail de services aux&hellip;<\/p>\n","protected":false},"author":7,"featured_media":0,"parent":0,"menu_order":0,"comment_status":"closed","ping_status":"closed","template":"","meta":{"_acf_changed":false,"footnotes":""},"class_list":["post-20001","page","type-page","status-publish","hentry"],"acf":[],"yoast_head":"<title>\u00c0 Propos | PetProsCanada<\/title>\n<meta name=\"description\" content=\"Nous sommes une entreprise de services assur\u00e9e offrant un vaste \u00e9ventail de services aux propri\u00e9taires d&#039;animaux de compagnie partout \u00e0 Montr\u00e9al.\" \/>\n<meta name=\"robots\" content=\"index, follow, max-snippet:-1, max-image-preview:large, max-video-preview:-1\" \/>\n<link rel=\"canonical\" href=\"https:\/\/www.petproscanada.com\/about-us\/\" \/>\n<meta property=\"og:locale\" content=\"fr_FR\" \/>\n<meta property=\"og:type\" content=\"article\" \/>\n<meta property=\"og:title\" content=\"\u00c0 Propos | PetProsCanada\" \/>\n<meta property=\"og:description\" content=\"Nous sommes une entreprise de services assur\u00e9e offrant un vaste \u00e9ventail de services aux propri\u00e9taires d&#039;animaux de compagnie partout \u00e0 Montr\u00e9al.\" \/>\n<meta property=\"og:url\" content=\"https:\/\/www.petproscanada.com\/about-us\/\" \/>\n<meta property=\"og:site_name\" content=\"PetProsCanada\" \/>\n<meta property=\"article:modified_time\" content=\"2018-05-18T15:46:02+00:00\" \/>\n<meta name=\"twitter:card\" content=\"summary_large_image\" \/>\n<meta name=\"twitter:label1\" content=\"Dur\u00e9e de lecture estim\u00e9e\" \/>\n\t<meta name=\"twitter:data1\" content=\"7 minutes\" \/>\n<script type=\"application\/ld+json\" class=\"yoast-schema-graph\">{\"@context\":\"https:\/\/schema.org\",\"@graph\":[{\"@type\":\"WebPage\",\"@id\":\"https:\/\/www.petproscanada.com\/about-us\/\",\"url\":\"https:\/\/www.petproscanada.com\/about-us\/\",\"name\":\"\u00c0 Propos | PetProsCanada\",\"isPartOf\":{\"@id\":\"https:\/\/www.petproscanada.com\/#website\"},\"datePublished\":\"2016-05-24T11:55:43+00:00\",\"dateModified\":\"2018-05-18T15:46:02+00:00\",\"description\":\"Nous sommes une entreprise de services assur\u00e9e offrant un vaste \u00e9ventail de services aux propri\u00e9taires d'animaux de compagnie partout \u00e0 Montr\u00e9al.\",\"breadcrumb\":{\"@id\":\"https:\/\/www.petproscanada.com\/about-us\/#breadcrumb\"},\"inLanguage\":\"fr-FR\",\"potentialAction\":[{\"@type\":\"ReadAction\",\"target\":[\"https:\/\/www.petproscanada.com\/about-us\/\"]}]},{\"@type\":\"BreadcrumbList\",\"@id\":\"https:\/\/www.petproscanada.com\/about-us\/#breadcrumb\",\"itemListElement\":[{\"@type\":\"ListItem\",\"position\":1,\"name\":\"Home\",\"item\":\"https:\/\/www.petproscanada.com\/accueil\/\"},{\"@type\":\"ListItem\",\"position\":2,\"name\":\"\u00c0 Propos\"}]},{\"@type\":\"WebSite\",\"@id\":\"https:\/\/www.petproscanada.com\/#website\",\"url\":\"https:\/\/www.petproscanada.com\/\",\"name\":\"PetProsCanada\",\"description\":\"Service \u00e9lite pour animaux de compagnie\",\"potentialAction\":[{\"@type\":\"SearchAction\",\"target\":{\"@type\":\"EntryPoint\",\"urlTemplate\":\"https:\/\/www.petproscanada.com\/?s={search_term_string}\"},\"query-input\":{\"@type\":\"PropertyValueSpecification\",\"valueRequired\":true,\"valueName\":\"search_term_string\"}}],\"inLanguage\":\"fr-FR\"}]}<\/script>","yoast_head_json":{"title":"\u00c0 Propos | PetProsCanada","description":"Nous sommes une entreprise de services assur\u00e9e offrant un vaste \u00e9ventail de services aux propri\u00e9taires d'animaux de compagnie partout \u00e0 Montr\u00e9al.","robots":{"index":"index","follow":"follow","max-snippet":"max-snippet:-1","max-image-preview":"max-image-preview:large","max-video-preview":"max-video-preview:-1"},"canonical":"https:\/\/www.petproscanada.com\/about-us\/","og_locale":"fr_FR","og_type":"article","og_title":"\u00c0 Propos | PetProsCanada","og_description":"Nous sommes une entreprise de services assur\u00e9e offrant un vaste \u00e9ventail de services aux propri\u00e9taires d'animaux de compagnie partout \u00e0 Montr\u00e9al.","og_url":"https:\/\/www.petproscanada.com\/about-us\/","og_site_name":"PetProsCanada","article_modified_time":"2018-05-18T15:46:02+00:00","twitter_card":"summary_large_image","twitter_misc":{"Dur\u00e9e de lecture estim\u00e9e":"7 minutes"},"schema":{"@context":"https:\/\/schema.org","@graph":[{"@type":"WebPage","@id":"https:\/\/www.petproscanada.com\/about-us\/","url":"https:\/\/www.petproscanada.com\/about-us\/","name":"\u00c0 Propos | PetProsCanada","isPartOf":{"@id":"https:\/\/www.petproscanada.com\/#website"},"datePublished":"2016-05-24T11:55:43+00:00","dateModified":"2018-05-18T15:46:02+00:00","description":"Nous sommes une entreprise de services assur\u00e9e offrant un vaste \u00e9ventail de services aux propri\u00e9taires d'animaux de compagnie partout \u00e0 Montr\u00e9al.","breadcrumb":{"@id":"https:\/\/www.petproscanada.com\/about-us\/#breadcrumb"},"inLanguage":"fr-FR","potentialAction":[{"@type":"ReadAction","target":["https:\/\/www.petproscanada.com\/about-us\/"]}]},{"@type":"BreadcrumbList","@id":"https:\/\/www.petproscanada.com\/about-us\/#breadcrumb","itemListElement":[{"@type":"ListItem","position":1,"name":"Home","item":"https:\/\/www.petproscanada.com\/accueil\/"},{"@type":"ListItem","position":2,"name":"\u00c0 Propos"}]},{"@type":"WebSite","@id":"https:\/\/www.petproscanada.com\/#website","url":"https:\/\/www.petproscanada.com\/","name":"PetProsCanada","description":"Service \u00e9lite pour animaux de compagnie","potentialAction":[{"@type":"SearchAction","target":{"@type":"EntryPoint","urlTemplate":"https:\/\/www.petproscanada.com\/?s={search_term_string}"},"query-input":{"@type":"PropertyValueSpecification","valueRequired":true,"valueName":"search_term_string"}}],"inLanguage":"fr-FR"}]}},"_links":{"self":[{"href":"https:\/\/www.petproscanada.com\/fr\/wp-json\/wp\/v2\/pages\/20001","targetHints":{"allow":["GET"]}}],"collection":[{"href":"https:\/\/www.petproscanada.com\/fr\/wp-json\/wp\/v2\/pages"}],"about":[{"href":"https:\/\/www.petproscanada.com\/fr\/wp-json\/wp\/v2\/types\/page"}],"author":[{"embeddable":true,"href":"https:\/\/www.petproscanada.com\/fr\/wp-json\/wp\/v2\/users\/7"}],"replies":[{"embeddable":true,"href":"https:\/\/www.petproscanada.com\/fr\/wp-json\/wp\/v2\/comments?post=20001"}],"version-history":[{"count":14,"href":"https:\/\/www.petproscanada.com\/fr\/wp-json\/wp\/v2\/pages\/20001\/revisions"}],"predecessor-version":[{"id":20516,"href":"https:\/\/www.petproscanada.com\/fr\/wp-json\/wp\/v2\/pages\/20001\/revisions\/20516"}],"wp:attachment":[{"href":"https:\/\/www.petproscanada.com\/fr\/wp-json\/wp\/v2\/media?parent=20001"}],"curies":[{"name":"wp","href":"https:\/\/api.w.org\/{rel}","templated":true}]}}